{"id":3,"date":"2022-04-06T08:48:21","date_gmt":"2022-04-06T06:48:21","guid":{"rendered":"http:\/\/towii.com\/en\/?page_id=3"},"modified":"2024-02-08T14:10:52","modified_gmt":"2024-02-08T13:10:52","slug":"privacy-policy","status":"publish","type":"page","link":"https:\/\/towii.com\/en\/privacy-policy\/","title":{"rendered":"Privacy policy"},"content":{"rendered":"<p>[et_pb_section fb_built=&#8221;1&#8243; _builder_version=&#8221;4.16&#8243; global_colors_info=&#8221;{}&#8221;][et_pb_row _builder_version=&#8221;4.16&#8243; background_size=&#8221;initial&#8221; background_position=&#8221;top_left&#8221; background_repeat=&#8221;repeat&#8221; custom_padding=&#8221;||0px|||&#8221; global_colors_info=&#8221;{}&#8221;][et_pb_column type=&#8221;4_4&#8243; _builder_version=&#8221;4.16&#8243; custom_padding=&#8221;|||&#8221; global_colors_info=&#8221;{}&#8221; custom_padding__hover=&#8221;|||&#8221;][et_pb_text _builder_version=&#8221;4.24.0&#8243; text_font=&#8221;|300|||||||&#8221; background_size=&#8221;initial&#8221; background_position=&#8221;top_left&#8221; background_repeat=&#8221;repeat&#8221; custom_padding=&#8221;||3px|||&#8221; hover_enabled=&#8221;0&#8243; global_colors_info=&#8221;{}&#8221; sticky_enabled=&#8221;0&#8243;]<\/p>\n<h1>Privacy Policy<\/h1>\n<p><strong><br \/><\/strong><strong>1. Introduction<\/strong><\/p>\n<p>Data security is important to us, and we are therefore very careful to ensure that your personal information is handled responsibly. Below, you can read more about how TOWII Renewables A\/S (hereinafter &#8220;TOWII,&#8221; &#8220;we,&#8221; &#8220;us,&#8221; or &#8220;our&#8221;) processes your personal information when we act as the data controller. You can also learn about your rights regarding our processing.<\/p>\n<p><strong>2. TOWII&#8217;s Role as Data Controller<\/strong><\/p>\n<p>In the operation of our business, we process certain personal information to serve you best. We collect and process primarily ordinary (non-sensitive) personal information. If you have questions about our processing of your personal information, you can contact us at:<\/p>\n<p>TOWII Renewables A\/S<br \/>Havneparken 4, 1. Sal<br \/>DK-7100 Vejle<br \/>CVR no.: 31 08 86 58<br \/><a href=\"mailto:contact@towii.com\">contact@towii.com<\/a><\/p>\n<p><strong>3. What Personal Information Do We Process, and Why?<\/strong><\/p>\n<p>The term &#8220;personal information&#8221; covers all information that can be used to identify a person, including but not limited to the person&#8217;s first and last name, age, gender, home or other physical address, phone number, email address, or other contact information, whether related to the person&#8217;s private or work-related information.<\/p>\n<p>We use your personal information to improve our services, ensure the quality of our products and services, and manage our communication with you.<\/p>\n<p>We process your personal information in various situations; read more about our processing in different situations below.<\/p>\n<p><strong>4. Visitors to TOWII&#8217;s Website<\/strong><\/p>\n<p>When you visit TOWII&#8217;s website, e.g., <a href=\"http:\/\/www.towii.com\">www.towii.com<\/a>, TOWII processes information about your IP address and information about your computer, device, and browser. We also process information about your website visit, such as how you navigate the site, which subpages you visit, the content you view, your searches, and inputs, etc. Personal information is collected through cookies, log files, and other technologies. You can learn more about our use of cookies in our cookie policy, which you can find here: <a href=\"https:\/\/towii.com\/en\/cookie-policy\/\">TOWII Cookie Policy<\/a>.<\/p>\n<p>We use your personal information to improve your experience on our website.<\/p>\n<p>Our legal basis for processing is our legitimate interest in providing our website to you in accordance with Article 6(1)(f) of the General Data Protection Regulation (GDPR) or your consent under Article 6(1)(a) of the GDPR and Section 3 of the Cookie Order.<\/p>\n<p>Information collected on the website is stored for the time necessary for the fulfillment of the purpose. The information may be stored longer if necessary for the establishment, exercise, or defense of legal claims. You can read more about our storage of cookies in our cookie policy, which you can find in <a href=\"https:\/\/towii.com\/en\/cookie-policy\/\">TOWII Cookie Policy<\/a>.<\/p>\n<p><strong>5. Landowners, Corporations, and Municipalities<\/strong><\/p>\n<p>When you are, or are considering becoming, a collaborator with TOWII as a landowner, company, or municipality, we process personal information about your name, (company) address, (work) phone number, (work) email address, your title, your land area, and other information you provide. This may be in connection with us buying\/leasing your land, developing, constructing, and operating wind turbines or solar installations.<\/p>\n<p>We process the personal information to fulfill our agreement with you, both concerning services we provide to you and services you provide to us. Additionally, we process the personal information to manage and nurture the relationship with our landowners and other collaborators.<\/p>\n<p>Our legal basis for processing is the agreement with you, according to Article 6(1)(b) of the GDPR, or our legitimate interest in managing your information as a (future) landowner, according to Article 6(1)(f) of the GDPR.<\/p>\n<p>Personal information about our landowners and other collaborators is kept for as long as the contractual relationship between the landowner or collaborator and TOWII exists. After the end of the contractual relationship, accounting material containing personal information is stored in accordance with the Bookkeeping Act for a subsequent period of 5 years from the end of the financial year to which the accounting material relates. Other personal information in, for example, the contract is stored for 10 years after the end of the contractual relationship.<\/p>\n<p><strong>6. Neighbors and Other Stakeholders<\/strong><\/p>\n<p>When you contact us via email or phone or participate in our neighbor meetings, we process the personal information about you that you provide.<\/p>\n<p>The purpose of processing this personal information is to service and assist you with your inquiries.<\/p>\n<p>The legal basis for our processing is our legitimate interests according to Article 6(1)(f) of the GDPR. The legitimate interests we pursue are handling your inquiry and providing general service to neighbors and other stakeholders.<\/p>\n<p>The information is stored for the time necessary for the fulfillment of the purpose. However, the information may be stored longer if necessary for the establishment, exercise, or defense of legal claims.<\/p>\n<p><strong>7. Suppliers<\/strong><\/p>\n<p>When you are a supplier to TOWII or a contact person for such, we process personal information regarding your name, work phone number, work email address, publicly available information, and other information you provide.<\/p>\n<p>We process the personal information for contract management and to receive goods and services from our suppliers.<\/p>\n<p>Our legal basis for processing is the agreement with you, according to Article 6(1)(b) of the GDPR, or our legitimate interest in managing the relationship with you\/the company you represent as a supplier, according to Article 6(1)(f) of the GDPR.<\/p>\n<p>Personal information about our suppliers is kept for as long as the collaboration continues. After the end of the collaboration, the information is stored in accordance with the Bookkeeping Act for a subsequent period of 5 years from the end of the financial year to which the information relates.<\/p>\n<p><strong><\/strong><strong>8. Sharing Your Personal Information with Others<\/strong><\/p>\n<p>TOWII may disclose your personal information to suppliers and\/or service providers as part of our normal business operations but only within the limits of the law.<\/p>\n<p>TOWII may also disclose your personal information to a public authority in situations where we are specifically obligated to disclose your personal information in accordance with the law. We limit the disclosure of personal information as much as possible.<\/p>\n<p>TOWII transfers your personal information to data processors as necessary. Our data processors only process your personal information for our purposes and according to our instructions.<\/p>\n<p><strong>9. Transfer of Personal Information to Countries Outside the EU\/EEA<\/strong><\/p>\n<p>In connection with our processing of your personal information, we may transfer the information to countries outside the EU\/EEA.<\/p>\n<p>Data protection laws in these countries may be less stringent than the laws in Denmark and the rest of the EU\/EEA.<\/p>\n<p>If we transfer to insecure third countries, the transfer of your personal information will be based on the standard contractual clauses (SCC) set by the European Commission, specially designed to ensure an adequate level of protection, or on other secure transfer bases.<\/p>\n<p>We will assess from time to time whether the transfer basis is sufficient and, if necessary, adopt additional measures to ensure an adequate level of protection for the transfer.<\/p>\n<p>If you want further information about our transfer of personal information outside the EU\/EEA, you can contact us.<\/p>\n<p><strong>10. Your Rights<\/strong><\/p>\n<p>If we have registered personal information about you, you have certain rights under the General Data Protection Regulation. If you wish to exercise your rights, please contact us. Your rights include:<\/p>\n<ul>\n<li>Right to Access: You have the right to access the personal information we process about you.<\/li>\n<li>Right to Rectification: You have the right to have any inaccurate and incomplete personal information about you corrected.<\/li>\n<li>Right to Erasure: In certain cases, you have the right to have information about yourself deleted before the time when we would normally delete your personal information.<\/li>\n<li>Right to Restriction of Processing: In certain situations, you have the right to restrict the processing of your personal information. If you have the right to restrict the processing of your personal information, we may only process personal information in the future, except for storage, with your consent or for the establishment, exercise, or defense of legal claims or to protect a person or important societal interests.<\/li>\n<li>Right to Object: In certain situations, you have the right to object to our processing of your personal information, and always if the processing is for direct marketing purposes.<\/li>\n<li>Right to Data Portability: In certain situations, you have the right to receive your personal information in a structured, commonly used, and machine-readable format and to have such personal information transferred from one data controller to another.<\/li>\n<li>Right to Lodge a Complaint: You can at any time file a complaint with the Danish Data Protection Agency regarding our processing of personal information. See more at www.datatilsynet.dk, where you can also find additional information about your rights.<br \/><strong><\/strong><\/li>\n<\/ul>\n<p><strong>11. Update of Our Privacy Policy<\/strong><\/p>\n<p>From time to time, it will be necessary to update this privacy policy. We regularly review our privacy policy to ensure that it is up-to-date, valid, and in accordance with applicable laws and principles for the processing of personal information. We publish new versions of the policy on our website.<\/p>\n<p><strong>12. Access to Information<\/strong><\/p>\n<p>Questions and comments about this privacy policy can be directed to <a href=\"mailto:contact@towii.com\">contact@towii.com<\/a>.<br \/>If you want to know what information we have registered about you, receive a copy of the information, or have us delete or correct your information, you can write to us at <a href=\"mailto:contact@towii.com\">contact@towii.com<\/a>.<\/p>\n<p>If you are not satisfied with our response, you can file a complaint with the Danish Data Protection Agency:<\/p>\n<ol start=\"11\"><\/ol>\n<p>Danish Data Protection Agency<br \/>Carl Jacobsens Vej 35<br \/>2500 Valby<br \/>Phone: +45 33 19 32 00<br \/><a href=\"mailto:dt@datatilsynet.dk\">dt@datatilsynet.dk<\/a><\/p>\n<p>[\/et_pb_text][\/et_pb_column][\/et_pb_row][\/et_pb_section]<\/p>\n","protected":false},"excerpt":{"rendered":"<p>Privacy Policy 1. Introduction Data security is important to us, and we are therefore very careful to ensure that your personal information is handled responsibly. Below, you can read more about how TOWII Renewables A\/S (hereinafter &#8220;TOWII,&#8221; &#8220;we,&#8221; &#8220;us,&#8221; or &#8220;our&#8221;) processes your personal information when we act as the data controller. You can also [&hellip;]<\/p>\n","protected":false},"author":1,"featured_media":0,"parent":0,"menu_order":0,"comment_status":"closed","ping_status":"closed","template":"","meta":{"_et_pb_use_builder":"on","_et_pb_old_content":"<!-- wp:heading -->\n<h2>Hvem er vi<\/h2>\n<!-- \/wp:heading -->\n\n<!-- wp:paragraph -->\n<p><strong class=\"privacy-policy-tutorial\">Forsl\u00e5et tekst: <\/strong>Vores webstedsadresse er: http:\/\/towii.com\/en.<\/p>\n<!-- \/wp:paragraph -->\n\n<!-- wp:heading -->\n<h2>Kommentarer<\/h2>\n<!-- \/wp:heading -->\n\n<!-- wp:paragraph -->\n<p><strong class=\"privacy-policy-tutorial\">Forsl\u00e5et tekst: <\/strong>N\u00e5r bes\u00f8gende skriver kommentarer p\u00e5 webstedet, indsamler vi de data, som vises i kommentarformularen, og ogs\u00e5 den bes\u00f8gendes IP-adresse og browserens user agent string for at hj\u00e6lpe med at opdage spam.<\/p>\n<!-- \/wp:paragraph -->\n\n<!-- wp:paragraph -->\n<p>En anonymiseret streng som er oprettet ud fra din e-mailadresse (ogs\u00e5 kaldet et hash), kan leveres til Gravatar tjenesten for at se om du bruger denne. Gravatar tjenestens privatlivspolitik er tilg\u00e6ngelig her: https:\/\/automattic.com\/privacy\/. Efter godkendelse af din kommentar, vil dit profilbillede v\u00e6re synligt for offentligheden sammen med din kommentar.<\/p>\n<!-- \/wp:paragraph -->\n\n<!-- wp:heading -->\n<h2>Medier<\/h2>\n<!-- \/wp:heading -->\n\n<!-- wp:paragraph -->\n<p><strong class=\"privacy-policy-tutorial\">Forsl\u00e5et tekst: <\/strong>Hvis du uploader billeder til webstedet, s\u00e5 b\u00f8r du undlade at uploade billeder med indlejrede lokalitetsdata (EXIF GPS) inkluderet. Bes\u00f8gende p\u00e5 webstedet kan downloade og udtr\u00e6kke alle lokalitetsdata fra billeder p\u00e5 webstedet.<\/p>\n<!-- \/wp:paragraph -->\n\n<!-- wp:heading -->\n<h2>Cookies<\/h2>\n<!-- \/wp:heading -->\n\n<!-- wp:paragraph -->\n<p><strong class=\"privacy-policy-tutorial\">Forsl\u00e5et tekst: <\/strong>Hvis du skriver en kommentar p\u00e5 vores websted, kan du v\u00e6lge at gemme dit navn, e-mailadresse og websted i cookies. Disse er til din bekvemmeligehed, s\u00e5 du ikke skal udfylde dine oplysninger igen, n\u00e5r du skriver endnu en kommentar. Disse cookies vil holde i et \u00e5r.<\/p>\n<!-- \/wp:paragraph -->\n\n<!-- wp:paragraph -->\n<p>Hvis du bes\u00f8ger vores loginside, opretter vi en midlertidig cookie for at afg\u00f8re om din browser accepterer cookies. Denne cookie indeholder ingen personlige data og slettes, n\u00e5r du lukker din browser.<\/p>\n<!-- \/wp:paragraph -->\n\n<!-- wp:paragraph -->\n<p>N\u00e5r du logger ind, vil vi ops\u00e6tte en r\u00e6kke cookies og gemme din logininformation og dine valg af sk\u00e6rmvisning. Login cookies holder i to dage, og sk\u00e6rmvalg cookies holder i et \u00e5r. Hvis du v\u00e6lger \"Husk mig\", vil dit login holde i to uger. Hvis du logger ud af din konto, vil login cookierne forsvinde.<\/p>\n<!-- \/wp:paragraph -->\n\n<!-- wp:paragraph -->\n<p>Hvis du redigerer eller udgiver en artikel, vil en yderligere cookie blive gemt i din browser. Denne cookie indeholder ikke nogle personlige data og opgiver simpelthen indl\u00e6gsID p\u00e5 den artikel, du lige har redigeret. Den udl\u00f8ber efter 1 dag.<\/p>\n<!-- \/wp:paragraph -->\n\n<!-- wp:heading -->\n<h2>Indlejret indhold fra andre websteder<\/h2>\n<!-- \/wp:heading -->\n\n<!-- wp:paragraph -->\n<p><strong class=\"privacy-policy-tutorial\">Forsl\u00e5et tekst: <\/strong>Artikler p\u00e5 dette websted kan indeholde indlejret indhold (f.eks. videoer, billeder, artikler osv.). Indlejret indhold fra andre websteder opf\u00f8rer sig p\u00e5 n\u00f8jagtig samme m\u00e5de, som hvis den bes\u00f8gende har bes\u00f8gt det andet websted.<\/p>\n<!-- \/wp:paragraph -->\n\n<!-- wp:paragraph -->\n<p>Disse websteder indsamler m\u00e5ske data om dig, bruger cookies, indlejrer ekstra tredjeparts sporing, og overv\u00e5ger din interaktion med dette indlejrede indhold, heriblandt at spore din interaktion med indlejret indhold, hvis du har en konto og en logget ind p\u00e5 det websted.<\/p>\n<!-- \/wp:paragraph -->\n\n<!-- wp:heading -->\n<h2>Hvem vi deler dine data med<\/h2>\n<!-- \/wp:heading -->\n\n<!-- wp:paragraph -->\n<p><strong class=\"privacy-policy-tutorial\">Forsl\u00e5et tekst: <\/strong>Hvis du anmoder om en nulstilling af adgangskoden, medtages din IP-adresse i e-mailen med nustillingen.<\/p>\n<!-- \/wp:paragraph -->\n\n<!-- wp:heading -->\n<h2>Hvor l\u00e6nge vi gemmer dine data<\/h2>\n<!-- \/wp:heading -->\n\n<!-- wp:paragraph -->\n<p><strong class=\"privacy-policy-tutorial\">Forsl\u00e5et tekst: <\/strong>Hvis du skriver en kommentar, s\u00e5 bliver kommentarer og dens metadata bevaret p\u00e5 ubestemt tid. Dette er s\u00e5 vi kan genkende og godkende enhver opf\u00f8lgende kommentar automatisk i stedet for at have dem i en moderationsk\u00f8.<\/p>\n<!-- \/wp:paragraph -->\n\n<!-- wp:paragraph -->\n<p>For brugere som opretter sig p\u00e5 vores websted (om nogen), gemmer vi ogs\u00e5 den personlige information de giver til deres brugerprofil. Alle brugere kan se, redigere, eller slette deres personlige information til enhver tid (med den undtagelse at de ikke kan \u00e6ndre deres brugernavn). Webstedets administratorer kan ogs\u00e5 se og redigere den information.<\/p>\n<!-- \/wp:paragraph -->\n\n<!-- wp:heading -->\n<h2>Hvilke rettigheder har du over dine data<\/h2>\n<!-- \/wp:heading -->\n\n<!-- wp:paragraph -->\n<p><strong class=\"privacy-policy-tutorial\">Forsl\u00e5et tekst: <\/strong>Hvis du har en konto p\u00e5 dette websted, eller har skrevet kommentarer, kan du bede om en eksporteret fil med de personlige data vi har liggende om dig, heriblandt alt data, du har givet os. Du kan ogs\u00e5 bede om, at vi sletter alle personlige data, vi har om dig. Dette indbefatter ikke nogen form for data, som vi er forpligtede til at gemme af administrative, lovm\u00e6ssige eller sikkerhedsm\u00e6ssige grunde.<\/p>\n<!-- \/wp:paragraph -->\n\n<!-- wp:heading -->\n<h2>Hvor vi sender dine data<\/h2>\n<!-- \/wp:heading -->\n\n<!-- wp:paragraph -->\n<p><strong class=\"privacy-policy-tutorial\">Forsl\u00e5et tekst: <\/strong>Bes\u00f8gendes kommentarer kan muligvis blive kontrolleret af en automatisk spam-genkendelse tjeneste.<\/p>\n<!-- \/wp:paragraph -->","_et_gb_content_width":"","footnotes":""},"class_list":["post-3","page","type-page","status-publish","hentry"],"yoast_head":"<!-- This site is optimized with the Yoast SEO plugin v27.2 - https:\/\/yoast.com\/product\/yoast-seo-wordpress\/ -->\n<title>Privacy policy - TOWII (en)<\/title>\n<meta name=\"description\" content=\"How we use cookies and process personal data in TOWII.\" \/>\n<meta name=\"robots\" content=\"index, follow, max-snippet:-1, max-image-preview:large, max-video-preview:-1\" \/>\n<link rel=\"canonical\" href=\"https:\/\/towii.com\/en\/privacy-policy\/\" \/>\n<meta property=\"og:locale\" content=\"en_US\" \/>\n<meta property=\"og:type\" content=\"article\" \/>\n<meta property=\"og:title\" content=\"Privacy policy - TOWII (en)\" \/>\n<meta property=\"og:description\" content=\"How we use cookies and process personal data in TOWII.\" \/>\n<meta property=\"og:url\" content=\"https:\/\/towii.com\/en\/privacy-policy\/\" \/>\n<meta property=\"og:site_name\" content=\"TOWII (en)\" \/>\n<meta property=\"article:modified_time\" content=\"2024-02-08T13:10:52+00:00\" \/>\n<meta name=\"twitter:card\" content=\"summary_large_image\" \/>\n<meta name=\"twitter:label1\" content=\"Est. reading time\" \/>\n\t<meta name=\"twitter:data1\" content=\"5 minutes\" \/>\n<script type=\"application\/ld+json\" class=\"yoast-schema-graph\">{\"@context\":\"https:\/\/schema.org\",\"@graph\":[{\"@type\":\"WebPage\",\"@id\":\"https:\/\/towii.com\/en\/privacy-policy\/\",\"url\":\"https:\/\/towii.com\/en\/privacy-policy\/\",\"name\":\"Privacy policy - TOWII (en)\",\"isPartOf\":{\"@id\":\"https:\/\/towii.com\/en\/#website\"},\"datePublished\":\"2022-04-06T06:48:21+00:00\",\"dateModified\":\"2024-02-08T13:10:52+00:00\",\"description\":\"How we use cookies and process personal data in TOWII.\",\"breadcrumb\":{\"@id\":\"https:\/\/towii.com\/en\/privacy-policy\/#breadcrumb\"},\"inLanguage\":\"en-US\",\"potentialAction\":[{\"@type\":\"ReadAction\",\"target\":[\"https:\/\/towii.com\/en\/privacy-policy\/\"]}]},{\"@type\":\"BreadcrumbList\",\"@id\":\"https:\/\/towii.com\/en\/privacy-policy\/#breadcrumb\",\"itemListElement\":[{\"@type\":\"ListItem\",\"position\":1,\"name\":\"Hjem\",\"item\":\"https:\/\/towii.com\/en\/\"},{\"@type\":\"ListItem\",\"position\":2,\"name\":\"Privacy policy\"}]},{\"@type\":\"WebSite\",\"@id\":\"https:\/\/towii.com\/en\/#website\",\"url\":\"https:\/\/towii.com\/en\/\",\"name\":\"TOWII (en)\",\"description\":\"Renewables\",\"potentialAction\":[{\"@type\":\"SearchAction\",\"target\":{\"@type\":\"EntryPoint\",\"urlTemplate\":\"https:\/\/towii.com\/en\/?s={search_term_string}\"},\"query-input\":{\"@type\":\"PropertyValueSpecification\",\"valueRequired\":true,\"valueName\":\"search_term_string\"}}],\"inLanguage\":\"en-US\"}]}<\/script>\n<!-- \/ Yoast SEO plugin. -->","yoast_head_json":{"title":"Privacy policy - TOWII (en)","description":"How we use cookies and process personal data in TOWII.","robots":{"index":"index","follow":"follow","max-snippet":"max-snippet:-1","max-image-preview":"max-image-preview:large","max-video-preview":"max-video-preview:-1"},"canonical":"https:\/\/towii.com\/en\/privacy-policy\/","og_locale":"en_US","og_type":"article","og_title":"Privacy policy - TOWII (en)","og_description":"How we use cookies and process personal data in TOWII.","og_url":"https:\/\/towii.com\/en\/privacy-policy\/","og_site_name":"TOWII (en)","article_modified_time":"2024-02-08T13:10:52+00:00","twitter_card":"summary_large_image","twitter_misc":{"Est. reading time":"5 minutes"},"schema":{"@context":"https:\/\/schema.org","@graph":[{"@type":"WebPage","@id":"https:\/\/towii.com\/en\/privacy-policy\/","url":"https:\/\/towii.com\/en\/privacy-policy\/","name":"Privacy policy - TOWII (en)","isPartOf":{"@id":"https:\/\/towii.com\/en\/#website"},"datePublished":"2022-04-06T06:48:21+00:00","dateModified":"2024-02-08T13:10:52+00:00","description":"How we use cookies and process personal data in TOWII.","breadcrumb":{"@id":"https:\/\/towii.com\/en\/privacy-policy\/#breadcrumb"},"inLanguage":"en-US","potentialAction":[{"@type":"ReadAction","target":["https:\/\/towii.com\/en\/privacy-policy\/"]}]},{"@type":"BreadcrumbList","@id":"https:\/\/towii.com\/en\/privacy-policy\/#breadcrumb","itemListElement":[{"@type":"ListItem","position":1,"name":"Hjem","item":"https:\/\/towii.com\/en\/"},{"@type":"ListItem","position":2,"name":"Privacy policy"}]},{"@type":"WebSite","@id":"https:\/\/towii.com\/en\/#website","url":"https:\/\/towii.com\/en\/","name":"TOWII (en)","description":"Renewables","potentialAction":[{"@type":"SearchAction","target":{"@type":"EntryPoint","urlTemplate":"https:\/\/towii.com\/en\/?s={search_term_string}"},"query-input":{"@type":"PropertyValueSpecification","valueRequired":true,"valueName":"search_term_string"}}],"inLanguage":"en-US"}]}},"_links":{"self":[{"href":"https:\/\/towii.com\/en\/wp-json\/wp\/v2\/pages\/3","targetHints":{"allow":["GET"]}}],"collection":[{"href":"https:\/\/towii.com\/en\/wp-json\/wp\/v2\/pages"}],"about":[{"href":"https:\/\/towii.com\/en\/wp-json\/wp\/v2\/types\/page"}],"author":[{"embeddable":true,"href":"https:\/\/towii.com\/en\/wp-json\/wp\/v2\/users\/1"}],"replies":[{"embeddable":true,"href":"https:\/\/towii.com\/en\/wp-json\/wp\/v2\/comments?post=3"}],"version-history":[{"count":10,"href":"https:\/\/towii.com\/en\/wp-json\/wp\/v2\/pages\/3\/revisions"}],"predecessor-version":[{"id":2988,"href":"https:\/\/towii.com\/en\/wp-json\/wp\/v2\/pages\/3\/revisions\/2988"}],"wp:attachment":[{"href":"https:\/\/towii.com\/en\/wp-json\/wp\/v2\/media?parent=3"}],"curies":[{"name":"wp","href":"https:\/\/api.w.org\/{rel}","templated":true}]}}