{"id":1962,"date":"2023-03-14T13:49:01","date_gmt":"2023-03-14T12:49:01","guid":{"rendered":"http:\/\/towii.com\/se\/?page_id=1962"},"modified":"2025-09-22T13:25:15","modified_gmt":"2025-09-22T11:25:15","slug":"jordagare","status":"publish","type":"page","link":"https:\/\/towii.com\/se\/jordagare\/","title":{"rendered":"Jord\u00e4gare"},"content":{"rendered":"<p>[et_pb_section fb_built=&#8221;1&#8243; fullwidth=&#8221;on&#8221; _builder_version=&#8221;4.19.0&#8243; _module_preset=&#8221;default&#8221; global_colors_info=&#8221;{}&#8221;][et_pb_fullwidth_header subhead=&#8221;\u00d6verv\u00e4ger du ett vindkraft- eller solcellprojekt?&#8221; header_fullscreen=&#8221;on&#8221; button_one_url=&#8221;@ET-DC@eyJkeW5hbWljIjp0cnVlLCJjb250ZW50IjoicG9zdF9saW5rX3VybF9wYWdlIiwic2V0dGluZ3MiOnsicG9zdF9pZCI6IjM1In19@&#8221; button_two_url=&#8221;@ET-DC@eyJkeW5hbWljIjp0cnVlLCJjb250ZW50IjoicG9zdF9saW5rX3VybF9wYWdlIiwic2V0dGluZ3MiOnsicG9zdF9pZCI6IjY3OCJ9fQ==@&#8221; background_overlay_color=&#8221;RGBA(255,255,255,0)&#8221; content_max_width=&#8221;60%&#8221; content_max_width_tablet=&#8221;100%&#8221; content_max_width_phone=&#8221;100%&#8221; content_max_width_last_edited=&#8221;on|phone&#8221; _builder_version=&#8221;4.21.0&#8243; _dynamic_attributes=&#8221;button_one_url,button_two_url&#8221; _module_preset=&#8221;default&#8221; title_font=&#8221;|||on|||||&#8221; title_font_size=&#8221;15px&#8221; title_letter_spacing=&#8221;2px&#8221; content_font_size=&#8221;20px&#8221; subhead_font=&#8221;|800|||||||&#8221; subhead_font_size=&#8221;80px&#8221; subhead_line_height=&#8221;1.1em&#8221; background_color=&#8221;#a5a5a5&#8243; background_image=&#8221;http:\/\/towii.com\/se\/wp-content\/uploads\/sites\/4\/2023\/03\/windmill-in-background-642534-scaled.jpg&#8221; background_enable_video_mp4=&#8221;off&#8221; custom_button_two=&#8221;on&#8221; button_two_bg_color=&#8221;rgba(255,255,255,0.19)&#8221; button_two_border_color=&#8221;rgba(255,255,255,0)&#8221; subhead_font_size_tablet=&#8221;70px&#8221; subhead_font_size_phone=&#8221;50px&#8221; subhead_font_size_last_edited=&#8221;on|phone&#8221; custom_css_content=&#8221;margin-top:30px;||margin-bottom:20px;&#8221; subhead_text_shadow_style=&#8221;preset3&#8243; locked=&#8221;off&#8221; global_colors_info=&#8221;{}&#8221; button_two_bg_color__hover_enabled=&#8221;on|hover&#8221; button_two_bg_color__hover=&#8221;#00A3EA&#8221; button_two_bg_enable_color__hover=&#8221;on&#8221; button_two_border_color__hover_enabled=&#8221;on|hover&#8221; button_two_border_color__hover=&#8221;RGBA(255,255,255,0)&#8221;][\/et_pb_fullwidth_header][\/et_pb_section][et_pb_section fb_built=&#8221;1&#8243; _builder_version=&#8221;4.19.0&#8243; _module_preset=&#8221;default&#8221; custom_margin=&#8221;-36px|||||&#8221; global_colors_info=&#8221;{}&#8221;][et_pb_row _builder_version=&#8221;4.19.0&#8243; _module_preset=&#8221;default&#8221; background_size=&#8221;initial&#8221; background_position=&#8221;top_left&#8221; background_repeat=&#8221;repeat&#8221; width=&#8221;70%&#8221; border_color_all=&#8221;#FFFFFF&#8221; global_colors_info=&#8221;{}&#8221;][et_pb_column type=&#8221;4_4&#8243; _builder_version=&#8221;4.17.4&#8243; _module_preset=&#8221;default&#8221; global_colors_info=&#8221;{}&#8221;][et_pb_text _builder_version=&#8221;4.22.1&#8243; _module_preset=&#8221;default&#8221; text_font=&#8221;|300|||||||&#8221; header_2_font=&#8221;|800|||||||&#8221; header_2_font_size=&#8221;46px&#8221; header_3_font=&#8221;|700|||||||&#8221; header_3_font_size=&#8221;25px&#8221; header_3_line_height=&#8221;1.2em&#8221; min_height=&#8221;309px&#8221; custom_margin=&#8221;||||false|false&#8221; header_2_font_size_tablet=&#8221;46px&#8221; header_2_font_size_phone=&#8221;36px&#8221; header_2_font_size_last_edited=&#8221;on|desktop&#8221; header_3_font_size_tablet=&#8221;25px&#8221; header_3_font_size_phone=&#8221;25px&#8221; header_3_font_size_last_edited=&#8221;on|phone&#8221; global_colors_info=&#8221;{}&#8221;]<\/p>\n<h2>\u00c4ger du ett st\u00f6rre markomr\u00e5de?<\/h2>\n<p>Vill du bidra till den gr\u00f6na omst\u00e4llningen, och \u00e4ger ett st\u00f6rre l\u00e4mpligt markomr\u00e5de p\u00e5 tillr\u00e4ckligt avst\u00e5nd fr\u00e5n \u00f6vriga bostadsfastigheter? D\u00e5 kan du \u00f6verv\u00e4ga att frig\u00f6ra din mark f\u00f6r produktionen av f\u00f6rnyelsebar energi i form av vindkraftverk eller solcellsanl\u00e4ggningar.<\/p>\n<p>Vi hj\u00e4lper dig att ber\u00e4kna om marken \u00e4r l\u00e4mplig f\u00f6r solceller eller vindkraftverk, och vilken gr\u00f6n energiform som \u00e4r mest l\u00f6nsam f\u00f6r dig.<\/p>\n<p>V\u00e5rt koncept g\u00e5r helt enkelt ut p\u00e5 att vi arrenderar er mark, d\u00e4r vi sedan utvecklar, anl\u00e4gger och tar vindkraftsparker och solcellsanl\u00e4ggningar i drift.\u00a0Det inneb\u00e4r att du inte beh\u00f6ver t\u00e4nka p\u00e5 omkostnaderna f\u00f6r underh\u00e5ll och elavtal, utan kan l\u00e4gga dina pengar och din tid p\u00e5 att utveckla din k\u00e4rnverksamhet.<\/p>\n<p>L\u00e5t oss ta ett snack utan f\u00f6rpliktelser om potentialen f\u00f6r solceller eller vindkraftverk p\u00e5 din mark.\u00a0<strong>Kontakta oss<\/strong><\/p>\n<p>[\/et_pb_text][\/et_pb_column][\/et_pb_row][et_pb_row disabled_on=&#8221;on|on|on&#8221; _builder_version=&#8221;4.20.2&#8243; _module_preset=&#8221;default&#8221; background_color=&#8221;#ebebeb&#8221; custom_padding=&#8221;40px|40px|40px|40px|true|true&#8221; disabled=&#8221;on&#8221; locked=&#8221;off&#8221; global_colors_info=&#8221;{}&#8221;][et_pb_column type=&#8221;4_4&#8243; _builder_version=&#8221;4.20.2&#8243; _module_preset=&#8221;default&#8221; global_colors_info=&#8221;{}&#8221;][et_pb_text _builder_version=&#8221;4.20.2&#8243; _module_preset=&#8221;default&#8221; text_font=&#8221;|300|||||||&#8221; background_color=&#8221;#EBEBEB&#8221; global_colors_info=&#8221;{}&#8221;]<\/p>\n<h1>Indsigt<\/h1>\n<p>[\/et_pb_text][\/et_pb_column][\/et_pb_row][et_pb_row column_structure=&#8221;1_2,1_2&#8243; disabled_on=&#8221;on|on|on&#8221; _builder_version=&#8221;4.21.0&#8243; _module_preset=&#8221;default&#8221; background_color=&#8221;#ebebeb&#8221; custom_padding=&#8221;30px|40px|30px|40px|true|true&#8221; disabled=&#8221;on&#8221; locked=&#8221;off&#8221; global_colors_info=&#8221;{}&#8221;][et_pb_column type=&#8221;1_2&#8243; _builder_version=&#8221;4.20.2&#8243; _module_preset=&#8221;default&#8221; global_colors_info=&#8221;{}&#8221;][et_pb_toggle title=&#8221;Egnede jord&#8221; _builder_version=&#8221;4.20.2&#8243; _module_preset=&#8221;default&#8221; title_font_size=&#8221;20px&#8221; body_font=&#8221;|300|||||||&#8221; body_line_height=&#8221;1.5em&#8221; title_font_size_tablet=&#8221;20px&#8221; title_font_size_phone=&#8221;18px&#8221; title_font_size_last_edited=&#8221;on|phone&#8221; global_colors_info=&#8221;{}&#8221;]<\/p>\n<p>Hvorvidt din jord egner sig til en vindm\u00f8llepark eller solcelleprojekt afh\u00e6nger af flere ting, der optimerer produktionsforholdene; f.eks. jordarealets st\u00f8rrelse og form, afstanden til transformerstation og \u00f8vrige forhold som afstand til beboelse, naturbeskyttede omr\u00e5der, lufttrafik m.m. Alle forhold indg\u00e5r i en samlet vurdering.<\/p>\n<p>[\/et_pb_toggle][et_pb_toggle title=&#8221;Bevar det gode naboskab&#8221; _builder_version=&#8221;4.20.2&#8243; _module_preset=&#8221;default&#8221; title_font_size=&#8221;20px&#8221; body_font=&#8221;|300|||||||&#8221; body_line_height=&#8221;1.5em&#8221; title_font_size_tablet=&#8221;20px&#8221; title_font_size_phone=&#8221;18px&#8221; title_font_size_last_edited=&#8221;on|phone&#8221; global_colors_info=&#8221;{}&#8221;]<\/p>\n<p>N\u00e5r vi udvikler vores projekt, har vi en helt s\u00e6rlig forst\u00e5else for, hvordan projektet kan h\u00e6nge sammen med lokale interesser, bl.a. naboer bosat i omr\u00e5det. Derfor har vi udviklet vores eget koncept, s\u00e5 vores projekter sikrer, at en fair andel er dedikeret til lokal v\u00e6rdiskabelse.<\/p>\n<p>[\/et_pb_toggle][et_pb_toggle title=&#8221;Ordninger for vindm\u00f8ller og solceller&#8221; _builder_version=&#8221;4.20.2&#8243; _module_preset=&#8221;default&#8221; title_font_size=&#8221;20px&#8221; body_font=&#8221;|300|||||||&#8221; body_line_height=&#8221;1.5em&#8221; title_font_size_tablet=&#8221;20px&#8221; title_font_size_phone=&#8221;18px&#8221; title_font_size_last_edited=&#8221;on|phone&#8221; global_colors_info=&#8221;{}&#8221;]<\/p>\n<p>Energistyrelsen administrerer fire ordninger i lov om fremme af vedvarende energi (VE-loven). Ordninger har til form\u00e5l at fremme lokalbefolkningens accept af og engagement i udbygningen med vindm\u00f8lle- og solcelleparker. <br \/>L\u00e6s mere <a href=\"https:\/\/ens.dk\/ansvarsomraader\/stoette-til-vedvarende-energi\/fremme-af-udbygning-med-vindmoeller\" target=\"_blank\" rel=\"noopener\">her<\/a>.<\/p>\n<p>[\/et_pb_toggle][\/et_pb_column][et_pb_column type=&#8221;1_2&#8243; _builder_version=&#8221;4.20.2&#8243; _module_preset=&#8221;default&#8221; global_colors_info=&#8221;{}&#8221;][et_pb_toggle title=&#8221;Optimering af projektet&#8221; _builder_version=&#8221;4.20.2&#8243; _module_preset=&#8221;default&#8221; title_font_size=&#8221;20px&#8221; body_font=&#8221;|300|||||||&#8221; body_line_height=&#8221;1.5em&#8221; title_font_size_tablet=&#8221;20px&#8221; title_font_size_phone=&#8221;18px&#8221; title_font_size_last_edited=&#8221;on|phone&#8221; global_colors_info=&#8221;{}&#8221;]<\/p>\n<p>Uanset om vores unders\u00f8gelse af et projekt sker p\u00e5 baggrund af en henvendelse fra en eller flere lodsejere eller ud fra vores egen for-screening, s\u00e5 vurderer vi projektpotentialet ud fra et helhedsperspektiv, hvor vi ogs\u00e5 indt\u00e6nker en attraktiv \u00f8konomi b\u00e5de for lodsejere og lokalsamfund.<\/p>\n<p>[\/et_pb_toggle][et_pb_toggle title=&#8221;\u00d8konomi&#8221; _builder_version=&#8221;4.20.2&#8243; _module_preset=&#8221;default&#8221; title_font_size=&#8221;20px&#8221; body_font=&#8221;|300|||||||&#8221; body_line_height=&#8221;1.5em&#8221; title_font_size_tablet=&#8221;20px&#8221; title_font_size_phone=&#8221;18px&#8221; title_font_size_last_edited=&#8221;on|phone&#8221; global_colors_info=&#8221;{}&#8221;]<\/p>\n<p>\u00d8konomien i gr\u00f8nne energiprojekter er typisk attraktiv sammenlignet med almindeligt jordbrug, men det vil altid afh\u00e6nge af en konkret vurdering.\u00a0<\/p>\n<p>[\/et_pb_toggle][\/et_pb_column][\/et_pb_row][\/et_pb_section][et_pb_section fb_built=&#8221;1&#8243; disabled_on=&#8221;on|on|on&#8221; _builder_version=&#8221;4.21.0&#8243; _module_preset=&#8221;default&#8221; background_color=&#8221;#EBEBEB&#8221; background_image=&#8221;http:\/\/towii.com\/se\/wp-content\/uploads\/sites\/4\/2023\/07\/nature-2244531_1280.jpg&#8221; background_size=&#8221;custom&#8221; background_image_width=&#8221;48%&#8221; background_position=&#8221;center_right&#8221; background_last_edited=&#8221;on|desktop&#8221; background_enable_image_tablet=&#8221;off&#8221; disabled=&#8221;on&#8221; locked=&#8221;off&#8221; global_colors_info=&#8221;{}&#8221;][et_pb_row column_structure=&#8221;1_2,1_2&#8243; use_custom_gutter=&#8221;on&#8221; gutter_width=&#8221;1&#8243; _builder_version=&#8221;4.20.2&#8243; _module_preset=&#8221;default&#8221; background_size=&#8221;initial&#8221; background_position=&#8221;top_left&#8221; background_repeat=&#8221;repeat&#8221; border_color_all=&#8221;#FFFFFF&#8221; global_colors_info=&#8221;{}&#8221;][et_pb_column type=&#8221;1_2&#8243; _builder_version=&#8221;4.20.2&#8243; _module_preset=&#8221;default&#8221; global_colors_info=&#8221;{}&#8221;][et_pb_text _builder_version=&#8221;4.20.2&#8243; _module_preset=&#8221;default&#8221; text_font_size=&#8221;24px&#8221; header_font=&#8221;|700|||||||&#8221; header_2_font=&#8221;|800|||||||&#8221; header_2_font_size=&#8221;56px&#8221; module_alignment=&#8221;center&#8221; global_colors_info=&#8221;{}&#8221;]<\/p>\n<h2 style=\"text-align: center;\">\u00a0Se alle projekter<\/h2>\n<p>[\/et_pb_text][et_pb_button button_url=&#8221;@ET-DC@eyJkeW5hbWljIjp0cnVlLCJjb250ZW50IjoicG9zdF9saW5rX3VybF9wYWdlIiwic2V0dGluZ3MiOnsicG9zdF9pZCI6IjE4In19@&#8221; button_text=&#8221;Projekter&#8221; button_alignment=&#8221;center&#8221; _builder_version=&#8221;4.21.0&#8243; _dynamic_attributes=&#8221;button_url&#8221; _module_preset=&#8221;default&#8221; custom_margin=&#8221;40px||||false|false&#8221; custom_padding=&#8221;||||false|false&#8221; global_colors_info=&#8221;{}&#8221;][\/et_pb_button][\/et_pb_column][et_pb_column type=&#8221;1_2&#8243; _builder_version=&#8221;4.20.2&#8243; _module_preset=&#8221;default&#8221; global_colors_info=&#8221;{}&#8221;][\/et_pb_column][\/et_pb_row][\/et_pb_section]<\/p>\n","protected":false},"excerpt":{"rendered":"<p>\u00c4ger du ett st\u00f6rre markomr\u00e5de? Vill du bidra till den gr\u00f6na omst\u00e4llningen, och \u00e4ger ett st\u00f6rre l\u00e4mpligt markomr\u00e5de p\u00e5 tillr\u00e4ckligt avst\u00e5nd fr\u00e5n \u00f6vriga bostadsfastigheter? D\u00e5 kan du \u00f6verv\u00e4ga att frig\u00f6ra din mark f\u00f6r produktionen av f\u00f6rnyelsebar energi i form av vindkraftverk eller solcellsanl\u00e4ggningar. Vi hj\u00e4lper dig att ber\u00e4kna om marken \u00e4r l\u00e4mplig f\u00f6r solceller eller [&hellip;]<\/p>\n","protected":false},"author":7,"featured_media":2800,"parent":0,"menu_order":0,"comment_status":"closed","ping_status":"closed","template":"","meta":{"_et_pb_use_builder":"on","_et_pb_old_content":"","_et_gb_content_width":"","footnotes":""},"class_list":["post-1962","page","type-page","status-publish","has-post-thumbnail","hentry"],"yoast_head":"<!-- This site is optimized with the Yoast SEO plugin v27.2 - https:\/\/yoast.com\/product\/yoast-seo-wordpress\/ -->\n<title>Jord\u00e4gare - TOWII (se)<\/title>\n<meta name=\"description\" content=\"\u00c4ger du ett stort markomr\u00e5de? D\u00e5 kan du \u00f6verv\u00e4ga ett energiprojekt med vindkraftverk och solceller. Tillsammans mot den gr\u00f6na omst\u00e4llningen.\" \/>\n<meta name=\"robots\" content=\"index, follow, max-snippet:-1, max-image-preview:large, max-video-preview:-1\" \/>\n<link rel=\"canonical\" href=\"https:\/\/towii.com\/se\/jordagare\/\" \/>\n<meta property=\"og:locale\" content=\"sv_SE\" \/>\n<meta property=\"og:type\" content=\"article\" \/>\n<meta property=\"og:title\" content=\"Jord\u00e4gare - TOWII (se)\" \/>\n<meta property=\"og:description\" content=\"\u00c4ger du ett stort markomr\u00e5de? D\u00e5 kan du \u00f6verv\u00e4ga ett energiprojekt med vindkraftverk och solceller. Tillsammans mot den gr\u00f6na omst\u00e4llningen.\" \/>\n<meta property=\"og:url\" content=\"https:\/\/towii.com\/se\/jordagare\/\" \/>\n<meta property=\"og:site_name\" content=\"TOWII (se)\" \/>\n<meta property=\"article:modified_time\" content=\"2025-09-22T11:25:15+00:00\" \/>\n<meta property=\"og:image\" content=\"https:\/\/towii.com\/se\/wp-content\/uploads\/sites\/4\/2023\/07\/Nyhed_johan-oliver_tvaerformat-2000-x-450.jpg\" \/>\n\t<meta property=\"og:image:width\" content=\"2000\" \/>\n\t<meta property=\"og:image:height\" content=\"450\" \/>\n\t<meta property=\"og:image:type\" content=\"image\/jpeg\" \/>\n<meta name=\"twitter:card\" content=\"summary_large_image\" \/>\n<meta name=\"twitter:label1\" content=\"Ber\u00e4knad l\u00e4stid\" \/>\n\t<meta name=\"twitter:data1\" content=\"4 minuter\" \/>\n<script type=\"application\/ld+json\" class=\"yoast-schema-graph\">{\"@context\":\"https:\/\/schema.org\",\"@graph\":[{\"@type\":\"WebPage\",\"@id\":\"https:\/\/towii.com\/se\/jordagare\/\",\"url\":\"https:\/\/towii.com\/se\/jordagare\/\",\"name\":\"Jord\u00e4gare - TOWII (se)\",\"isPartOf\":{\"@id\":\"https:\/\/towii.com\/se\/#website\"},\"primaryImageOfPage\":{\"@id\":\"https:\/\/towii.com\/se\/jordagare\/#primaryimage\"},\"image\":{\"@id\":\"https:\/\/towii.com\/se\/jordagare\/#primaryimage\"},\"thumbnailUrl\":\"https:\/\/towii.com\/se\/wp-content\/uploads\/sites\/4\/2023\/07\/Nyhed_johan-oliver_tvaerformat-2000-x-450.jpg\",\"datePublished\":\"2023-03-14T12:49:01+00:00\",\"dateModified\":\"2025-09-22T11:25:15+00:00\",\"description\":\"\u00c4ger du ett stort markomr\u00e5de? D\u00e5 kan du \u00f6verv\u00e4ga ett energiprojekt med vindkraftverk och solceller. Tillsammans mot den gr\u00f6na omst\u00e4llningen.\",\"breadcrumb\":{\"@id\":\"https:\/\/towii.com\/se\/jordagare\/#breadcrumb\"},\"inLanguage\":\"sv-SE\",\"potentialAction\":[{\"@type\":\"ReadAction\",\"target\":[\"https:\/\/towii.com\/se\/jordagare\/\"]}]},{\"@type\":\"ImageObject\",\"inLanguage\":\"sv-SE\",\"@id\":\"https:\/\/towii.com\/se\/jordagare\/#primaryimage\",\"url\":\"https:\/\/towii.com\/se\/wp-content\/uploads\/sites\/4\/2023\/07\/Nyhed_johan-oliver_tvaerformat-2000-x-450.jpg\",\"contentUrl\":\"https:\/\/towii.com\/se\/wp-content\/uploads\/sites\/4\/2023\/07\/Nyhed_johan-oliver_tvaerformat-2000-x-450.jpg\",\"width\":2000,\"height\":450},{\"@type\":\"BreadcrumbList\",\"@id\":\"https:\/\/towii.com\/se\/jordagare\/#breadcrumb\",\"itemListElement\":[{\"@type\":\"ListItem\",\"position\":1,\"name\":\"Hjem\",\"item\":\"https:\/\/towii.com\/se\/\"},{\"@type\":\"ListItem\",\"position\":2,\"name\":\"Jord\u00e4gare\"}]},{\"@type\":\"WebSite\",\"@id\":\"https:\/\/towii.com\/se\/#website\",\"url\":\"https:\/\/towii.com\/se\/\",\"name\":\"TOWII (se)\",\"description\":\"Renewables\",\"potentialAction\":[{\"@type\":\"SearchAction\",\"target\":{\"@type\":\"EntryPoint\",\"urlTemplate\":\"https:\/\/towii.com\/se\/?s={search_term_string}\"},\"query-input\":{\"@type\":\"PropertyValueSpecification\",\"valueRequired\":true,\"valueName\":\"search_term_string\"}}],\"inLanguage\":\"sv-SE\"}]}<\/script>\n<!-- \/ Yoast SEO plugin. -->","yoast_head_json":{"title":"Jord\u00e4gare - TOWII (se)","description":"\u00c4ger du ett stort markomr\u00e5de? D\u00e5 kan du \u00f6verv\u00e4ga ett energiprojekt med vindkraftverk och solceller. Tillsammans mot den gr\u00f6na omst\u00e4llningen.","robots":{"index":"index","follow":"follow","max-snippet":"max-snippet:-1","max-image-preview":"max-image-preview:large","max-video-preview":"max-video-preview:-1"},"canonical":"https:\/\/towii.com\/se\/jordagare\/","og_locale":"sv_SE","og_type":"article","og_title":"Jord\u00e4gare - TOWII (se)","og_description":"\u00c4ger du ett stort markomr\u00e5de? D\u00e5 kan du \u00f6verv\u00e4ga ett energiprojekt med vindkraftverk och solceller. Tillsammans mot den gr\u00f6na omst\u00e4llningen.","og_url":"https:\/\/towii.com\/se\/jordagare\/","og_site_name":"TOWII (se)","article_modified_time":"2025-09-22T11:25:15+00:00","og_image":[{"width":2000,"height":450,"url":"https:\/\/towii.com\/se\/wp-content\/uploads\/sites\/4\/2023\/07\/Nyhed_johan-oliver_tvaerformat-2000-x-450.jpg","type":"image\/jpeg"}],"twitter_card":"summary_large_image","twitter_misc":{"Ber\u00e4knad l\u00e4stid":"4 minuter"},"schema":{"@context":"https:\/\/schema.org","@graph":[{"@type":"WebPage","@id":"https:\/\/towii.com\/se\/jordagare\/","url":"https:\/\/towii.com\/se\/jordagare\/","name":"Jord\u00e4gare - TOWII (se)","isPartOf":{"@id":"https:\/\/towii.com\/se\/#website"},"primaryImageOfPage":{"@id":"https:\/\/towii.com\/se\/jordagare\/#primaryimage"},"image":{"@id":"https:\/\/towii.com\/se\/jordagare\/#primaryimage"},"thumbnailUrl":"https:\/\/towii.com\/se\/wp-content\/uploads\/sites\/4\/2023\/07\/Nyhed_johan-oliver_tvaerformat-2000-x-450.jpg","datePublished":"2023-03-14T12:49:01+00:00","dateModified":"2025-09-22T11:25:15+00:00","description":"\u00c4ger du ett stort markomr\u00e5de? D\u00e5 kan du \u00f6verv\u00e4ga ett energiprojekt med vindkraftverk och solceller. Tillsammans mot den gr\u00f6na omst\u00e4llningen.","breadcrumb":{"@id":"https:\/\/towii.com\/se\/jordagare\/#breadcrumb"},"inLanguage":"sv-SE","potentialAction":[{"@type":"ReadAction","target":["https:\/\/towii.com\/se\/jordagare\/"]}]},{"@type":"ImageObject","inLanguage":"sv-SE","@id":"https:\/\/towii.com\/se\/jordagare\/#primaryimage","url":"https:\/\/towii.com\/se\/wp-content\/uploads\/sites\/4\/2023\/07\/Nyhed_johan-oliver_tvaerformat-2000-x-450.jpg","contentUrl":"https:\/\/towii.com\/se\/wp-content\/uploads\/sites\/4\/2023\/07\/Nyhed_johan-oliver_tvaerformat-2000-x-450.jpg","width":2000,"height":450},{"@type":"BreadcrumbList","@id":"https:\/\/towii.com\/se\/jordagare\/#breadcrumb","itemListElement":[{"@type":"ListItem","position":1,"name":"Hjem","item":"https:\/\/towii.com\/se\/"},{"@type":"ListItem","position":2,"name":"Jord\u00e4gare"}]},{"@type":"WebSite","@id":"https:\/\/towii.com\/se\/#website","url":"https:\/\/towii.com\/se\/","name":"TOWII (se)","description":"Renewables","potentialAction":[{"@type":"SearchAction","target":{"@type":"EntryPoint","urlTemplate":"https:\/\/towii.com\/se\/?s={search_term_string}"},"query-input":{"@type":"PropertyValueSpecification","valueRequired":true,"valueName":"search_term_string"}}],"inLanguage":"sv-SE"}]}},"_links":{"self":[{"href":"https:\/\/towii.com\/se\/wp-json\/wp\/v2\/pages\/1962","targetHints":{"allow":["GET"]}}],"collection":[{"href":"https:\/\/towii.com\/se\/wp-json\/wp\/v2\/pages"}],"about":[{"href":"https:\/\/towii.com\/se\/wp-json\/wp\/v2\/types\/page"}],"author":[{"embeddable":true,"href":"https:\/\/towii.com\/se\/wp-json\/wp\/v2\/users\/7"}],"replies":[{"embeddable":true,"href":"https:\/\/towii.com\/se\/wp-json\/wp\/v2\/comments?post=1962"}],"version-history":[{"count":10,"href":"https:\/\/towii.com\/se\/wp-json\/wp\/v2\/pages\/1962\/revisions"}],"predecessor-version":[{"id":3175,"href":"https:\/\/towii.com\/se\/wp-json\/wp\/v2\/pages\/1962\/revisions\/3175"}],"wp:featuredmedia":[{"embeddable":true,"href":"https:\/\/towii.com\/se\/wp-json\/wp\/v2\/media\/2800"}],"wp:attachment":[{"href":"https:\/\/towii.com\/se\/wp-json\/wp\/v2\/media?parent=1962"}],"curies":[{"name":"wp","href":"https:\/\/api.w.org\/{rel}","templated":true}]}}