{"id":1965,"date":"2023-03-14T14:18:00","date_gmt":"2023-03-14T13:18:00","guid":{"rendered":"http:\/\/towii.com\/se\/?page_id=1965"},"modified":"2025-09-22T13:26:52","modified_gmt":"2025-09-22T11:26:52","slug":"kommune","status":"publish","type":"page","link":"https:\/\/towii.com\/se\/kommune\/","title":{"rendered":"Kommun"},"content":{"rendered":"<p>[et_pb_section fb_built=&#8221;1&#8243; fullwidth=&#8221;on&#8221; _builder_version=&#8221;4.19.0&#8243; _module_preset=&#8221;default&#8221; global_colors_info=&#8221;{}&#8221;][et_pb_fullwidth_header subhead=&#8221;Tillsammans f\u00f6r den gr\u00f6na omst\u00e4llningen.&#8221; header_fullscreen=&#8221;on&#8221; button_one_url=&#8221;@ET-DC@eyJkeW5hbWljIjp0cnVlLCJjb250ZW50IjoicG9zdF9saW5rX3VybF9wYWdlIiwic2V0dGluZ3MiOnsicG9zdF9pZCI6IjM1In19@&#8221; button_two_url=&#8221;@ET-DC@eyJkeW5hbWljIjp0cnVlLCJjb250ZW50IjoicG9zdF9saW5rX3VybF9wYWdlIiwic2V0dGluZ3MiOnsicG9zdF9pZCI6IjY3OCJ9fQ==@&#8221; background_overlay_color=&#8221;RGBA(255,255,255,0)&#8221; content_max_width=&#8221;60%&#8221; content_max_width_tablet=&#8221;100%&#8221; content_max_width_phone=&#8221;100%&#8221; content_max_width_last_edited=&#8221;on|phone&#8221; _builder_version=&#8221;4.21.0&#8243; _dynamic_attributes=&#8221;button_one_url,button_two_url&#8221; _module_preset=&#8221;default&#8221; title_font=&#8221;|||on|||||&#8221; title_font_size=&#8221;15px&#8221; title_letter_spacing=&#8221;2px&#8221; content_font_size=&#8221;20px&#8221; subhead_font=&#8221;|800|||||||&#8221; subhead_font_size=&#8221;80px&#8221; subhead_line_height=&#8221;1.1em&#8221; background_color=&#8221;#a5a5a5&#8243; background_image=&#8221;http:\/\/towii.com\/se\/wp-content\/uploads\/sites\/4\/2022\/06\/vind4.jpg&#8221; background_enable_video_mp4=&#8221;off&#8221; custom_button_two=&#8221;on&#8221; button_two_bg_color=&#8221;rgba(255,255,255,0.19)&#8221; button_two_border_color=&#8221;rgba(255,255,255,0)&#8221; subhead_font_size_tablet=&#8221;70px&#8221; subhead_font_size_phone=&#8221;50px&#8221; subhead_font_size_last_edited=&#8221;on|phone&#8221; custom_css_content=&#8221;margin-top:30px;||margin-bottom:20px;&#8221; subhead_text_shadow_style=&#8221;preset3&#8243; locked=&#8221;off&#8221; global_colors_info=&#8221;{}&#8221; button_two_bg_color__hover_enabled=&#8221;on|hover&#8221; button_two_bg_color__hover=&#8221;#00A3EA&#8221; button_two_bg_enable_color__hover=&#8221;on&#8221; button_two_border_color__hover_enabled=&#8221;on|hover&#8221; button_two_border_color__hover=&#8221;RGBA(255,255,255,0)&#8221;][\/et_pb_fullwidth_header][\/et_pb_section][et_pb_section fb_built=&#8221;1&#8243; _builder_version=&#8221;4.19.0&#8243; _module_preset=&#8221;default&#8221; custom_margin=&#8221;-36px|||||&#8221; global_colors_info=&#8221;{}&#8221;][et_pb_row _builder_version=&#8221;4.20.2&#8243; _module_preset=&#8221;default&#8221; background_size=&#8221;initial&#8221; background_position=&#8221;top_left&#8221; background_repeat=&#8221;repeat&#8221; width=&#8221;70%&#8221; border_color_all=&#8221;#FFFFFF&#8221; global_colors_info=&#8221;{}&#8221;][et_pb_column type=&#8221;4_4&#8243; _builder_version=&#8221;4.17.4&#8243; _module_preset=&#8221;default&#8221; global_colors_info=&#8221;{}&#8221;][et_pb_text _builder_version=&#8221;4.22.1&#8243; _module_preset=&#8221;default&#8221; text_font=&#8221;|300|||||||&#8221; header_2_font=&#8221;|800|||||||&#8221; header_2_font_size=&#8221;46px&#8221; header_3_font=&#8221;|700|||||||&#8221; header_3_font_size=&#8221;25px&#8221; header_3_line_height=&#8221;1.2em&#8221; min_height=&#8221;309px&#8221; custom_margin=&#8221;||||false|false&#8221; header_2_font_size_tablet=&#8221;46px&#8221; header_2_font_size_phone=&#8221;36px&#8221; header_2_font_size_last_edited=&#8221;on|desktop&#8221; header_3_font_size_tablet=&#8221;25px&#8221; header_3_font_size_phone=&#8221;25px&#8221; header_3_font_size_last_edited=&#8221;on|phone&#8221; global_colors_info=&#8221;{}&#8221;]<\/p>\n<h2><span>\u00c4r du beslutsfattare i en kommun?<\/span><\/h2>\n<p><span>N\u00e4r vi utvecklar v\u00e5ra vindkrafts- och solcellsprojekt har vi omfattande erfarenhet av att samarbeta med m\u00e5nga olika intressenter; mark\u00e4gare, grannar i omr\u00e5det, andra lokala och relevanta parter och inte minst myndigheter, inklusive den ber\u00f6rda kommunen.<\/span><\/p>\n<p><span>Vi har stor erfarenhet av att visualisera projektet och djup k\u00e4nnedom om de m\u00e5nga h\u00e4nsyn som m\u00e5ste tas i omfattande projekt som dessa. Samtidigt har vi stort intresse av ett gott samarbete med f\u00f6rvaltningen f\u00f6r att s\u00e4kerst\u00e4lla att projektplanering och process blir inkluderande och samordnad med de relevanta kommunala parterna.<\/span><\/p>\n<p><span>\u00d6nskar er kommun en dialog om utvecklingsm\u00f6jligheter och eventuellt samarbete kring vindkrafts- och solcellsprojekt f\u00f6r att f\u00f6rverkliga er klimaplan och insatser som st\u00f6djer den gr\u00f6na omst\u00e4llningen i just er kommun? L\u00e5t oss ha en f\u00f6ruts\u00e4ttningsl\u00f6s diskussion om potentialen och era m\u00f6jligheter.<\/span><\/p>\n<p><span>Vi st\u00e5r g\u00e4rna till tj\u00e4nst f\u00f6r fr\u00e5gor och dialog med relevanta utskott och beslutsfattare i er kommun. <\/span><strong>Kontakta oss<\/strong><\/p>\n<p>[\/et_pb_text][\/et_pb_column][\/et_pb_row][et_pb_row disabled_on=&#8221;on|on|on&#8221; _builder_version=&#8221;4.20.2&#8243; _module_preset=&#8221;default&#8221; background_color=&#8221;#ebebeb&#8221; custom_padding=&#8221;40px|40px|40px|40px|true|true&#8221; disabled=&#8221;on&#8221; locked=&#8221;off&#8221; global_colors_info=&#8221;{}&#8221;][et_pb_column type=&#8221;4_4&#8243; _builder_version=&#8221;4.20.2&#8243; _module_preset=&#8221;default&#8221; global_colors_info=&#8221;{}&#8221;][et_pb_text _builder_version=&#8221;4.20.2&#8243; _module_preset=&#8221;default&#8221; text_font=&#8221;|300|||||||&#8221; background_color=&#8221;#EBEBEB&#8221; global_colors_info=&#8221;{}&#8221;]<\/p>\n<h1>Insikter<\/h1>\n<p>test<\/p>\n<p>[\/et_pb_text][\/et_pb_column][\/et_pb_row][et_pb_row column_structure=&#8221;1_2,1_2&#8243; disabled_on=&#8221;on|on|on&#8221; _builder_version=&#8221;4.20.2&#8243; _module_preset=&#8221;default&#8221; background_color=&#8221;#ebebeb&#8221; custom_padding=&#8221;40px|40px|40px|40px|true|true&#8221; disabled=&#8221;on&#8221; locked=&#8221;off&#8221; global_colors_info=&#8221;{}&#8221;][et_pb_column type=&#8221;1_2&#8243; _builder_version=&#8221;4.20.2&#8243; _module_preset=&#8221;default&#8221; global_colors_info=&#8221;{}&#8221;][et_pb_toggle title=&#8221;Eksempel&#8221; _builder_version=&#8221;4.20.2&#8243; _module_preset=&#8221;default&#8221; global_colors_info=&#8221;{}&#8221;]<\/p>\n<p>Your content goes here. Edit or remove this text inline or in the module Content settings. You can also style every aspect of this content in the module Design settings and even apply custom CSS to this text in the module Advanced settings.<\/p>\n<p>[\/et_pb_toggle][et_pb_toggle title=&#8221;Eksempel&#8221; _builder_version=&#8221;4.20.2&#8243; _module_preset=&#8221;default&#8221; global_colors_info=&#8221;{}&#8221;]<\/p>\n<p>Your content goes here. Edit or remove this text inline or in the module Content settings. You can also style every aspect of this content in the module Design settings and even apply custom CSS to this text in the module Advanced settings.<\/p>\n<p>[\/et_pb_toggle][et_pb_toggle title=&#8221;Eksempel&#8221; _builder_version=&#8221;4.20.2&#8243; _module_preset=&#8221;default&#8221; global_colors_info=&#8221;{}&#8221;]<\/p>\n<p>Your content goes here. Edit or remove this text inline or in the module Content settings. You can also style every aspect of this content in the module Design settings and even apply custom CSS to this text in the module Advanced settings.<\/p>\n<p>[\/et_pb_toggle][\/et_pb_column][et_pb_column type=&#8221;1_2&#8243; _builder_version=&#8221;4.20.2&#8243; _module_preset=&#8221;default&#8221; global_colors_info=&#8221;{}&#8221;][et_pb_toggle title=&#8221;Eksempel&#8221; _builder_version=&#8221;4.20.2&#8243; _module_preset=&#8221;default&#8221; global_colors_info=&#8221;{}&#8221;]<\/p>\n<p>Your content goes here. Edit or remove this text inline or in the module Content settings. You can also style every aspect of this content in the module Design settings and even apply custom CSS to this text in the module Advanced settings.<\/p>\n<p>[\/et_pb_toggle][et_pb_toggle title=&#8221;Eksempel&#8221; _builder_version=&#8221;4.20.2&#8243; _module_preset=&#8221;default&#8221; global_colors_info=&#8221;{}&#8221;]<\/p>\n<p>Your content goes here. Edit or remove this text inline or in the module Content settings. You can also style every aspect of this content in the module Design settings and even apply custom CSS to this text in the module Advanced settings.<\/p>\n<p>[\/et_pb_toggle][et_pb_toggle title=&#8221;Eksempel&#8221; _builder_version=&#8221;4.20.2&#8243; _module_preset=&#8221;default&#8221; global_colors_info=&#8221;{}&#8221;]<\/p>\n<p>Your content goes here. Edit or remove this text inline or in the module Content settings. You can also style every aspect of this content in the module Design settings and even apply custom CSS to this text in the module Advanced settings.<\/p>\n<p>[\/et_pb_toggle][\/et_pb_column][\/et_pb_row][\/et_pb_section][et_pb_section fb_built=&#8221;1&#8243; disabled_on=&#8221;on|on|on&#8221; _builder_version=&#8221;4.21.0&#8243; _module_preset=&#8221;default&#8221; background_color=&#8221;#EBEBEB&#8221; background_image=&#8221;http:\/\/towii.com\/se\/wp-content\/uploads\/sites\/4\/2023\/07\/nature-2244531_1280.jpg&#8221; background_size=&#8221;custom&#8221; background_image_width=&#8221;48%&#8221; background_position=&#8221;center_right&#8221; background_last_edited=&#8221;on|desktop&#8221; background_enable_image_tablet=&#8221;off&#8221; disabled=&#8221;on&#8221; locked=&#8221;off&#8221; global_colors_info=&#8221;{}&#8221;][et_pb_row column_structure=&#8221;1_2,1_2&#8243; use_custom_gutter=&#8221;on&#8221; gutter_width=&#8221;1&#8243; _builder_version=&#8221;4.20.2&#8243; _module_preset=&#8221;default&#8221; background_size=&#8221;initial&#8221; background_position=&#8221;top_left&#8221; background_repeat=&#8221;repeat&#8221; border_color_all=&#8221;#FFFFFF&#8221; global_colors_info=&#8221;{}&#8221;][et_pb_column type=&#8221;1_2&#8243; _builder_version=&#8221;4.20.2&#8243; _module_preset=&#8221;default&#8221; global_colors_info=&#8221;{}&#8221;][et_pb_text _builder_version=&#8221;4.20.2&#8243; _module_preset=&#8221;default&#8221; text_font_size=&#8221;24px&#8221; header_font=&#8221;|700|||||||&#8221; header_2_font=&#8221;|800|||||||&#8221; header_2_font_size=&#8221;56px&#8221; module_alignment=&#8221;center&#8221; header_2_font_size_tablet=&#8221;56px&#8221; header_2_font_size_phone=&#8221;36px&#8221; header_2_font_size_last_edited=&#8221;on|phone&#8221; global_colors_info=&#8221;{}&#8221;]<\/p>\n<h2 style=\"text-align: center;\">\u00a0Se alla projekt<\/h2>\n<p>[\/et_pb_text][et_pb_button button_url=&#8221;@ET-DC@eyJkeW5hbWljIjp0cnVlLCJjb250ZW50IjoicG9zdF9saW5rX3VybF9wYWdlIiwic2V0dGluZ3MiOnsicG9zdF9pZCI6IjIwOTYifX0=@&#8221; button_text=&#8221;Projekt&#8221; button_alignment=&#8221;center&#8221; _builder_version=&#8221;4.21.0&#8243; _dynamic_attributes=&#8221;button_url&#8221; _module_preset=&#8221;default&#8221; custom_margin=&#8221;40px||||false|false&#8221; custom_padding=&#8221;||||false|false&#8221; global_colors_info=&#8221;{}&#8221;][\/et_pb_button][\/et_pb_column][et_pb_column type=&#8221;1_2&#8243; _builder_version=&#8221;4.20.2&#8243; _module_preset=&#8221;default&#8221; global_colors_info=&#8221;{}&#8221;][\/et_pb_column][\/et_pb_row][\/et_pb_section]<\/p>\n","protected":false},"excerpt":{"rendered":"<p>\u00c4r du beslutsfattare i en kommun? N\u00e4r vi utvecklar v\u00e5ra vindkrafts- och solcellsprojekt har vi omfattande erfarenhet av att samarbeta med m\u00e5nga olika intressenter; mark\u00e4gare, grannar i omr\u00e5det, andra lokala och relevanta parter och inte minst myndigheter, inklusive den ber\u00f6rda kommunen. Vi har stor erfarenhet av att visualisera projektet och djup k\u00e4nnedom om de m\u00e5nga [&hellip;]<\/p>\n","protected":false},"author":7,"featured_media":0,"parent":0,"menu_order":0,"comment_status":"closed","ping_status":"closed","template":"","meta":{"_et_pb_use_builder":"on","_et_pb_old_content":"","_et_gb_content_width":"","footnotes":""},"class_list":["post-1965","page","type-page","status-publish","hentry"],"yoast_head":"<!-- This site is optimized with the Yoast SEO plugin v27.2 - https:\/\/yoast.com\/product\/yoast-seo-wordpress\/ -->\n<title>Kommun - TOWII (se)<\/title>\n<meta name=\"description\" content=\"Vill du f\u00f6rverkliga din klimatplan och dina gr\u00f6na insatser? Vi kan bidra med v\u00e5ra kunskaper och v\u00e5r erfarenhet inom vindkraftsprojekt och solcellsprojekt.\" \/>\n<meta name=\"robots\" content=\"index, follow, max-snippet:-1, max-image-preview:large, max-video-preview:-1\" \/>\n<link rel=\"canonical\" href=\"https:\/\/towii.com\/se\/kommune\/\" \/>\n<meta property=\"og:locale\" content=\"sv_SE\" \/>\n<meta property=\"og:type\" content=\"article\" \/>\n<meta property=\"og:title\" content=\"Kommun - TOWII (se)\" \/>\n<meta property=\"og:description\" content=\"Vill du f\u00f6rverkliga din klimatplan och dina gr\u00f6na insatser? Vi kan bidra med v\u00e5ra kunskaper och v\u00e5r erfarenhet inom vindkraftsprojekt och solcellsprojekt.\" \/>\n<meta property=\"og:url\" content=\"https:\/\/towii.com\/se\/kommune\/\" \/>\n<meta property=\"og:site_name\" content=\"TOWII (se)\" \/>\n<meta property=\"article:modified_time\" content=\"2025-09-22T11:26:52+00:00\" \/>\n<meta name=\"twitter:card\" content=\"summary_large_image\" \/>\n<meta name=\"twitter:label1\" content=\"Ber\u00e4knad l\u00e4stid\" \/>\n\t<meta name=\"twitter:data1\" content=\"4 minuter\" \/>\n<script type=\"application\/ld+json\" class=\"yoast-schema-graph\">{\"@context\":\"https:\/\/schema.org\",\"@graph\":[{\"@type\":\"WebPage\",\"@id\":\"https:\/\/towii.com\/se\/kommune\/\",\"url\":\"https:\/\/towii.com\/se\/kommune\/\",\"name\":\"Kommun - TOWII (se)\",\"isPartOf\":{\"@id\":\"https:\/\/towii.com\/se\/#website\"},\"datePublished\":\"2023-03-14T13:18:00+00:00\",\"dateModified\":\"2025-09-22T11:26:52+00:00\",\"description\":\"Vill du f\u00f6rverkliga din klimatplan och dina gr\u00f6na insatser? Vi kan bidra med v\u00e5ra kunskaper och v\u00e5r erfarenhet inom vindkraftsprojekt och solcellsprojekt.\",\"breadcrumb\":{\"@id\":\"https:\/\/towii.com\/se\/kommune\/#breadcrumb\"},\"inLanguage\":\"sv-SE\",\"potentialAction\":[{\"@type\":\"ReadAction\",\"target\":[\"https:\/\/towii.com\/se\/kommune\/\"]}]},{\"@type\":\"BreadcrumbList\",\"@id\":\"https:\/\/towii.com\/se\/kommune\/#breadcrumb\",\"itemListElement\":[{\"@type\":\"ListItem\",\"position\":1,\"name\":\"Hjem\",\"item\":\"https:\/\/towii.com\/se\/\"},{\"@type\":\"ListItem\",\"position\":2,\"name\":\"Kommun\"}]},{\"@type\":\"WebSite\",\"@id\":\"https:\/\/towii.com\/se\/#website\",\"url\":\"https:\/\/towii.com\/se\/\",\"name\":\"TOWII (se)\",\"description\":\"Renewables\",\"potentialAction\":[{\"@type\":\"SearchAction\",\"target\":{\"@type\":\"EntryPoint\",\"urlTemplate\":\"https:\/\/towii.com\/se\/?s={search_term_string}\"},\"query-input\":{\"@type\":\"PropertyValueSpecification\",\"valueRequired\":true,\"valueName\":\"search_term_string\"}}],\"inLanguage\":\"sv-SE\"}]}<\/script>\n<!-- \/ Yoast SEO plugin. -->","yoast_head_json":{"title":"Kommun - TOWII (se)","description":"Vill du f\u00f6rverkliga din klimatplan och dina gr\u00f6na insatser? Vi kan bidra med v\u00e5ra kunskaper och v\u00e5r erfarenhet inom vindkraftsprojekt och solcellsprojekt.","robots":{"index":"index","follow":"follow","max-snippet":"max-snippet:-1","max-image-preview":"max-image-preview:large","max-video-preview":"max-video-preview:-1"},"canonical":"https:\/\/towii.com\/se\/kommune\/","og_locale":"sv_SE","og_type":"article","og_title":"Kommun - TOWII (se)","og_description":"Vill du f\u00f6rverkliga din klimatplan och dina gr\u00f6na insatser? Vi kan bidra med v\u00e5ra kunskaper och v\u00e5r erfarenhet inom vindkraftsprojekt och solcellsprojekt.","og_url":"https:\/\/towii.com\/se\/kommune\/","og_site_name":"TOWII (se)","article_modified_time":"2025-09-22T11:26:52+00:00","twitter_card":"summary_large_image","twitter_misc":{"Ber\u00e4knad l\u00e4stid":"4 minuter"},"schema":{"@context":"https:\/\/schema.org","@graph":[{"@type":"WebPage","@id":"https:\/\/towii.com\/se\/kommune\/","url":"https:\/\/towii.com\/se\/kommune\/","name":"Kommun - TOWII (se)","isPartOf":{"@id":"https:\/\/towii.com\/se\/#website"},"datePublished":"2023-03-14T13:18:00+00:00","dateModified":"2025-09-22T11:26:52+00:00","description":"Vill du f\u00f6rverkliga din klimatplan och dina gr\u00f6na insatser? Vi kan bidra med v\u00e5ra kunskaper och v\u00e5r erfarenhet inom vindkraftsprojekt och solcellsprojekt.","breadcrumb":{"@id":"https:\/\/towii.com\/se\/kommune\/#breadcrumb"},"inLanguage":"sv-SE","potentialAction":[{"@type":"ReadAction","target":["https:\/\/towii.com\/se\/kommune\/"]}]},{"@type":"BreadcrumbList","@id":"https:\/\/towii.com\/se\/kommune\/#breadcrumb","itemListElement":[{"@type":"ListItem","position":1,"name":"Hjem","item":"https:\/\/towii.com\/se\/"},{"@type":"ListItem","position":2,"name":"Kommun"}]},{"@type":"WebSite","@id":"https:\/\/towii.com\/se\/#website","url":"https:\/\/towii.com\/se\/","name":"TOWII (se)","description":"Renewables","potentialAction":[{"@type":"SearchAction","target":{"@type":"EntryPoint","urlTemplate":"https:\/\/towii.com\/se\/?s={search_term_string}"},"query-input":{"@type":"PropertyValueSpecification","valueRequired":true,"valueName":"search_term_string"}}],"inLanguage":"sv-SE"}]}},"_links":{"self":[{"href":"https:\/\/towii.com\/se\/wp-json\/wp\/v2\/pages\/1965","targetHints":{"allow":["GET"]}}],"collection":[{"href":"https:\/\/towii.com\/se\/wp-json\/wp\/v2\/pages"}],"about":[{"href":"https:\/\/towii.com\/se\/wp-json\/wp\/v2\/types\/page"}],"author":[{"embeddable":true,"href":"https:\/\/towii.com\/se\/wp-json\/wp\/v2\/users\/7"}],"replies":[{"embeddable":true,"href":"https:\/\/towii.com\/se\/wp-json\/wp\/v2\/comments?post=1965"}],"version-history":[{"count":10,"href":"https:\/\/towii.com\/se\/wp-json\/wp\/v2\/pages\/1965\/revisions"}],"predecessor-version":[{"id":3177,"href":"https:\/\/towii.com\/se\/wp-json\/wp\/v2\/pages\/1965\/revisions\/3177"}],"wp:attachment":[{"href":"https:\/\/towii.com\/se\/wp-json\/wp\/v2\/media?parent=1965"}],"curies":[{"name":"wp","href":"https:\/\/api.w.org\/{rel}","templated":true}]}}