{"id":2,"date":"2023-02-28T10:00:21","date_gmt":"2023-02-28T09:00:21","guid":{"rendered":"http:\/\/towii.com\/se\/?page_id=2"},"modified":"2024-06-18T14:29:15","modified_gmt":"2024-06-18T12:29:15","slug":"startsida","status":"publish","type":"page","link":"https:\/\/towii.com\/se\/","title":{"rendered":"Startsida"},"content":{"rendered":"<p>[et_pb_section fb_built=&#8221;1&#8243; fullwidth=&#8221;on&#8221; _builder_version=&#8221;4.20.4&#8243; _module_preset=&#8221;default&#8221; global_colors_info=&#8221;{}&#8221;][et_pb_fullwidth_header subhead=&#8221;Vi skapar gr\u00f6n el med bra energi&#8221; header_fullscreen=&#8221;on&#8221; button_one_url=&#8221;@ET-DC@eyJkeW5hbWljIjp0cnVlLCJjb250ZW50IjoicG9zdF9saW5rX3VybF9wYWdlIiwic2V0dGluZ3MiOnsicG9zdF9pZCI6IjY3OCJ9fQ==@&#8221; button_two_url=&#8221;@ET-DC@eyJkeW5hbWljIjp0cnVlLCJjb250ZW50IjoicG9zdF9saW5rX3VybF9wYWdlIiwic2V0dGluZ3MiOnsicG9zdF9pZCI6IjY3OCJ9fQ==@&#8221; background_overlay_color=&#8221;RGBA(255,255,255,0)&#8221; content_max_width=&#8221;60%&#8221; content_max_width_tablet=&#8221;100%&#8221; content_max_width_phone=&#8221;100%&#8221; content_max_width_last_edited=&#8221;on|phone&#8221; _builder_version=&#8221;4.22.1&#8243; _dynamic_attributes=&#8221;button_one_url,button_two_url&#8221; _module_preset=&#8221;default&#8221; title_font=&#8221;|||on|||||&#8221; title_font_size=&#8221;15px&#8221; title_letter_spacing=&#8221;2px&#8221; content_font_size=&#8221;20px&#8221; subhead_font=&#8221;|800|||||||&#8221; subhead_font_size=&#8221;80px&#8221; subhead_line_height=&#8221;1.1em&#8221; background_enable_image=&#8221;off&#8221; background_video_mp4=&#8221;https:\/\/towii.com\/se\/wp-content\/uploads\/sites\/4\/2023\/05\/TOWII-Renewables_ultraHD_FINAL.mp4&#8243; custom_button_two=&#8221;on&#8221; button_two_bg_color=&#8221;rgba(255,255,255,0.19)&#8221; button_two_border_color=&#8221;rgba(255,255,255,0)&#8221; subhead_font_size_tablet=&#8221;70px&#8221; subhead_font_size_phone=&#8221;50px&#8221; subhead_font_size_last_edited=&#8221;on|phone&#8221; custom_css_content=&#8221;margin-top:30px;||margin-bottom:20px;&#8221; subhead_text_shadow_style=&#8221;preset3&#8243; global_colors_info=&#8221;{}&#8221; button_two_bg_color__hover_enabled=&#8221;on|hover&#8221; button_two_bg_color__hover=&#8221;#00A3EA&#8221; button_two_bg_enable_color__hover=&#8221;on&#8221; button_two_border_color__hover_enabled=&#8221;on|hover&#8221; button_two_border_color__hover=&#8221;RGBA(255,255,255,0)&#8221;][\/et_pb_fullwidth_header][\/et_pb_section][et_pb_section fb_built=&#8221;1&#8243; admin_label=&#8221;section&#8221; _builder_version=&#8221;4.20.2&#8243; global_colors_info=&#8221;{}&#8221;][et_pb_row admin_label=&#8221;row&#8221; _builder_version=&#8221;4.20.2&#8243; background_size=&#8221;initial&#8221; background_position=&#8221;top_left&#8221; background_repeat=&#8221;repeat&#8221; width=&#8221;70%&#8221; global_colors_info=&#8221;{}&#8221;][et_pb_column type=&#8221;4_4&#8243; _builder_version=&#8221;4.16&#8243; custom_padding=&#8221;|||&#8221; global_colors_info=&#8221;{}&#8221; custom_padding__hover=&#8221;|||&#8221;][et_pb_text quote_border_color=&#8221;#00A3EA&#8221; _builder_version=&#8221;4.20.2&#8243; _module_preset=&#8221;default&#8221; text_font_size=&#8221;24px&#8221; header_font=&#8221;|700|||||||&#8221; header_2_font=&#8221;|800|||||||&#8221; header_2_font_size=&#8221;56px&#8221; width=&#8221;80%&#8221; width_tablet=&#8221;100%&#8221; width_phone=&#8221;100%&#8221; width_last_edited=&#8221;on|phone&#8221; module_alignment=&#8221;left&#8221; header_2_font_size_tablet=&#8221;56px&#8221; header_2_font_size_phone=&#8221;36px&#8221; header_2_font_size_last_edited=&#8221;on|phone&#8221; global_colors_info=&#8221;{}&#8221;]<\/p>\n<blockquote>\n<h2><span style=\"color: #000000;\">En gr\u00f6n mission<\/span><\/h2>\n<\/blockquote>\n<p>[\/et_pb_text][et_pb_text _builder_version=&#8221;4.22.1&#8243; _module_preset=&#8221;default&#8221; text_font=&#8221;|300|||||||&#8221; header_font=&#8221;|700|||||||&#8221; header_2_font=&#8221;|800|||||||&#8221; header_2_font_size=&#8221;56px&#8221; width=&#8221;100%&#8221; width_tablet=&#8221;100%&#8221; width_phone=&#8221;100%&#8221; width_last_edited=&#8221;on|phone&#8221; module_alignment=&#8221;left&#8221; custom_padding=&#8221;|||27px|false|false&#8221; header_2_font_size_tablet=&#8221;56px&#8221; header_2_font_size_phone=&#8221;46px&#8221; header_2_font_size_last_edited=&#8221;on|phone&#8221; global_colors_info=&#8221;{}&#8221;]<\/p>\n<p>TOWII Renewables \u00e4r ett energif\u00f6retag f\u00f6tt f\u00f6r att skapa gr\u00f6n el. Det ligger i v\u00e5r DNA att projektera, bygga och driva landbaserade vindkraftsparker och solcellsanl\u00e4ggningar p\u00e5 marken och p\u00e5 tak, och v\u00e5rt m\u00e5l \u00e4r att uppf\u00f6ra minst 1 GW fram till 2030.<\/p>\n<p>Ambitionen \u00e4r att skapa h\u00e5llbara energiprojekt b\u00e5de i Danmark och internationellt med tydlig lokal f\u00f6rankring och samspel. D\u00e4rf\u00f6r skapar vi gr\u00f6na energiparker genom att s\u00e4kerst\u00e4lla god energi genom hela projektet.<\/p>\n<p>[\/et_pb_text][\/et_pb_column][\/et_pb_row][\/et_pb_section][et_pb_section fb_built=&#8221;1&#8243; admin_label=&#8221;section&#8221; _builder_version=&#8221;4.20.2&#8243; background_color=&#8221;#EBEBEB&#8221; min_height=&#8221;195px&#8221; global_colors_info=&#8221;{}&#8221;][et_pb_row admin_label=&#8221;row&#8221; _builder_version=&#8221;4.20.2&#8243; background_size=&#8221;initial&#8221; background_position=&#8221;top_left&#8221; background_repeat=&#8221;repeat&#8221; width=&#8221;70%&#8221; global_colors_info=&#8221;{}&#8221;][et_pb_column type=&#8221;4_4&#8243; _builder_version=&#8221;4.16&#8243; custom_padding=&#8221;|||&#8221; global_colors_info=&#8221;{}&#8221; custom_padding__hover=&#8221;|||&#8221;][et_pb_text _builder_version=&#8221;4.22.1&#8243; _module_preset=&#8221;default&#8221; text_font=&#8221;|300|||||||&#8221; header_font=&#8221;|700|||||||&#8221; header_2_font=&#8221;|800|||||||&#8221; header_2_font_size=&#8221;56px&#8221; width=&#8221;100%&#8221; width_tablet=&#8221;100%&#8221; width_phone=&#8221;100%&#8221; width_last_edited=&#8221;on|phone&#8221; module_alignment=&#8221;left&#8221; header_2_font_size_tablet=&#8221;56px&#8221; header_2_font_size_phone=&#8221;36px&#8221; header_2_font_size_last_edited=&#8221;on|phone&#8221; global_colors_info=&#8221;{}&#8221;]<\/p>\n<h2 style=\"text-align: left;\">Formad av vind och sol<\/h2>\n<p>I TOWII Renewables vill vi skapa mer gr\u00f6n energi med framtida s\u00e4krade vind- och solparker av h\u00f6g kvalitet. Vi bygger p\u00e5 en l\u00e5ng dansk tradition av f\u00f6rnybar energi, och vi v\u00e5gar g\u00e5 i spetsen och prioritera bra l\u00f6sningar.<\/p>\n<p>V\u00e5r verksamhet grundar sig p\u00e5 erfarenhet och en bred kunskap om energi, d\u00e4r vi arbetar med olika kombinationer n\u00e4r vi ansluter till framtidens energimarknader. H\u00e4r finns inga standardl\u00f6sningar. Varje projekt skapas fr\u00e5n grunden och anpassas till aktuella f\u00f6rh\u00e5llanden.<\/p>\n<p>[\/et_pb_text][et_pb_button button_url=&#8221;@ET-DC@eyJkeW5hbWljIjp0cnVlLCJjb250ZW50IjoicG9zdF9saW5rX3VybF9wYWdlIiwic2V0dGluZ3MiOnsicG9zdF9pZCI6IjM3In19@&#8221; button_text=&#8221;Aff\u00e4rsomr\u00e5de&#8221; _builder_version=&#8221;4.21.0&#8243; _dynamic_attributes=&#8221;button_url&#8221; _module_preset=&#8221;default&#8221; global_colors_info=&#8221;{}&#8221;][\/et_pb_button][\/et_pb_column][\/et_pb_row][\/et_pb_section][et_pb_section fb_built=&#8221;1&#8243; fullwidth=&#8221;on&#8221; _builder_version=&#8221;4.19.0&#8243; _module_preset=&#8221;default&#8221; global_colors_info=&#8221;{}&#8221;][et_pb_fullwidth_image src=&#8221;http:\/\/towii.com\/se\/wp-content\/uploads\/sites\/4\/2023\/02\/hang-gliding-2441348-sollys-1-scaled.jpg&#8221; title_text=&#8221;hang-gliding-2441348 sollys&#8221; _builder_version=&#8221;4.19.0&#8243; _module_preset=&#8221;default&#8221; global_colors_info=&#8221;{}&#8221;][\/et_pb_fullwidth_image][\/et_pb_section][et_pb_section fb_built=&#8221;1&#8243; _builder_version=&#8221;4.20.2&#8243; _module_preset=&#8221;default&#8221; background_color=&#8221;#f9f9f9&#8243; min_height=&#8221;444px&#8221; global_colors_info=&#8221;{}&#8221;][et_pb_row admin_label=&#8221;row&#8221; _builder_version=&#8221;4.20.2&#8243; background_size=&#8221;initial&#8221; background_position=&#8221;top_left&#8221; background_repeat=&#8221;repeat&#8221; width=&#8221;70%&#8221; global_colors_info=&#8221;{}&#8221;][et_pb_column type=&#8221;4_4&#8243; _builder_version=&#8221;4.16&#8243; custom_padding=&#8221;|||&#8221; global_colors_info=&#8221;{}&#8221; custom_padding__hover=&#8221;|||&#8221;][et_pb_text _builder_version=&#8221;4.22.1&#8243; _module_preset=&#8221;default&#8221; text_font=&#8221;|300|||||||&#8221; header_font=&#8221;|700|||||||&#8221; header_2_font=&#8221;|800|||||||&#8221; header_2_font_size=&#8221;56px&#8221; width=&#8221;97.3%&#8221; width_tablet=&#8221;100%&#8221; width_phone=&#8221;100%&#8221; width_last_edited=&#8221;on|phone&#8221; module_alignment=&#8221;left&#8221; custom_padding=&#8221;|0px||||&#8221; header_2_font_size_tablet=&#8221;56px&#8221; header_2_font_size_phone=&#8221;36px&#8221; header_2_font_size_last_edited=&#8221;on|phone&#8221; global_colors_info=&#8221;{}&#8221;]<\/p>\n<h2>En stark laginsats<\/h2>\n<p>Hos TOWII Renewables f\u00f6renar vi v\u00e5ra olika kompetenser och specialistkunskaper i en gemensam h\u00e4ngivenhet till den gr\u00f6na omst\u00e4llningen. Som ett team arbetar vi alla m\u00e5linriktat f\u00f6r att f\u00f6rverkliga visionen &#8211; och varje insats r\u00e4knas!<\/p>\n<p>L\u00e4r k\u00e4nna oss \u2013 f\u00f6lj p\u00e5 <a href=\"https:\/\/www.linkedin.com\/company\/towii-renewables\/mycompany\/?viewAsMember=true\" target=\"_blank\" rel=\"noopener\">LinkedIn<\/a><\/p>\n<p>[\/et_pb_text][et_pb_button button_url=&#8221;@ET-DC@eyJkeW5hbWljIjp0cnVlLCJjb250ZW50IjoicG9zdF9saW5rX3VybF9wYWdlIiwic2V0dGluZ3MiOnsicG9zdF9pZCI6IjM5In19@&#8221; button_text=&#8221;Karri\u00e4r&#8221; _builder_version=&#8221;4.21.0&#8243; _dynamic_attributes=&#8221;button_url&#8221; _module_preset=&#8221;default&#8221; global_colors_info=&#8221;{}&#8221;][\/et_pb_button][\/et_pb_column][\/et_pb_row][\/et_pb_section][et_pb_section fb_built=&#8221;1&#8243; admin_label=&#8221;section&#8221; _builder_version=&#8221;4.20.2&#8243; background_color=&#8221;#EBEBEB&#8221; min_height=&#8221;245px&#8221; custom_margin=&#8221;||||false|false&#8221; custom_padding=&#8221;||||false|false&#8221; global_colors_info=&#8221;{}&#8221;][et_pb_row admin_label=&#8221;row&#8221; _builder_version=&#8221;4.20.2&#8243; background_size=&#8221;initial&#8221; background_position=&#8221;top_left&#8221; background_repeat=&#8221;repeat&#8221; width=&#8221;70%&#8221; global_colors_info=&#8221;{}&#8221;][et_pb_column type=&#8221;4_4&#8243; _builder_version=&#8221;4.16&#8243; custom_padding=&#8221;|||&#8221; global_colors_info=&#8221;{}&#8221; custom_padding__hover=&#8221;|||&#8221;][et_pb_text _builder_version=&#8221;4.20.2&#8243; _module_preset=&#8221;default&#8221; header_2_font=&#8221;|800|||||||&#8221; header_2_font_size=&#8221;60px&#8221; global_colors_info=&#8221;{}&#8221;]<\/p>\n<h2>Nyheter<\/h2>\n<p>[\/et_pb_text][\/et_pb_column][\/et_pb_row][et_pb_row _builder_version=&#8221;4.21.0&#8243; _module_preset=&#8221;default&#8221; background_size=&#8221;initial&#8221; background_position=&#8221;top_left&#8221; background_repeat=&#8221;repeat&#8221; width=&#8221;70%&#8221; hover_enabled=&#8221;0&#8243; global_colors_info=&#8221;{}&#8221; sticky_enabled=&#8221;0&#8243;][et_pb_column type=&#8221;4_4&#8243; _builder_version=&#8221;4.19.0&#8243; _module_preset=&#8221;default&#8221; global_colors_info=&#8221;{}&#8221;][et_pb_blog fullwidth=&#8221;off&#8221; posts_number=&#8221;3&#8243; include_categories=&#8221;7,8,1&#8243; meta_date=&#8221;d\/m\/Y&#8221; use_manual_excerpt=&#8221;off&#8221; excerpt_length=&#8221;180&#8243; show_more=&#8221;on&#8221; show_author=&#8221;off&#8221; show_categories=&#8221;off&#8221; show_excerpt=&#8221;off&#8221; show_pagination=&#8221;off&#8221; disabled_on=&#8221;off|off|off&#8221; module_class=&#8221;pa-blog-equal-height&#8221; _builder_version=&#8221;4.25.1&#8243; _module_preset=&#8221;default&#8221; header_level=&#8221;h3&#8243; header_font=&#8221;|800|||||||&#8221; header_text_align=&#8221;center&#8221; header_text_color=&#8221;#B2B4BE&#8221; header_font_size=&#8221;26px&#8221; body_font=&#8221;|300|||||||&#8221; body_text_align=&#8221;center&#8221; body_line_height=&#8221;2.1em&#8221; meta_font=&#8221;|300|||||||&#8221; meta_text_align=&#8221;center&#8221; meta_text_color=&#8221;#B2B4BE&#8221; meta_font_size=&#8221;12px&#8221; meta_line_height=&#8221;1.8em&#8221; read_more_font=&#8221;|700||on|||||&#8221; read_more_text_color=&#8221;#FFFFFF&#8221; read_more_font_size=&#8221;11px&#8221; custom_padding=&#8221;||||false|false&#8221; hover_enabled=&#8221;0&#8243; border_width_all=&#8221;0px&#8221; border_color_all=&#8221;#B2B4BE&#8221; global_colors_info=&#8221;{}&#8221; sticky_enabled=&#8221;0&#8243;][\/et_pb_blog][\/et_pb_column][\/et_pb_row][\/et_pb_section]<\/p>\n","protected":false},"excerpt":{"rendered":"<p>En gr\u00f6n mission TOWII Renewables \u00e4r ett energif\u00f6retag f\u00f6tt f\u00f6r att skapa gr\u00f6n el. Det ligger i v\u00e5r DNA att projektera, bygga och driva landbaserade vindkraftsparker och solcellsanl\u00e4ggningar p\u00e5 marken och p\u00e5 tak, och v\u00e5rt m\u00e5l \u00e4r att uppf\u00f6ra minst 1 GW fram till 2030. Ambitionen \u00e4r att skapa h\u00e5llbara energiprojekt b\u00e5de i Danmark och [&hellip;]<\/p>\n","protected":false},"author":7,"featured_media":0,"parent":0,"menu_order":0,"comment_status":"closed","ping_status":"closed","template":"","meta":{"_et_pb_use_builder":"on","_et_pb_old_content":"<!-- wp:paragraph -->\n<p>Dette er en eksempelside. Den er forskellig fra et blogindl\u00e6g fordi at den vil forblive \u00e9t sted og vil dukke op i dit websteds navigation (i de fleste temaer). De fleste folk starter med en Om side der introducerer dem til potentielle bes\u00f8gende p\u00e5 webstedet. Der kunne for eksempel st\u00e5:<\/p>\n<!-- \/wp:paragraph -->\n\n<!-- wp:quote -->\n<blockquote class=\"wp-block-quote\"><!-- wp:paragraph -->\n<p>Hej! Jeg er et cykelbud om dagen, aspirerende skuespiller om natten, og dette er mit websted. Jeg bor i Los Angeles, har en fantastisk hund der hedder Jack, og jeg elsker pi\u00f1a coladas. (Og at blive fanget i regnen.)<\/p>\n<!-- \/wp:paragraph --><\/blockquote>\n<!-- \/wp:quote -->\n\n<!-- wp:paragraph -->\n<p>...eller noget i denne stil:<\/p>\n<!-- \/wp:paragraph -->\n\n<!-- wp:quote -->\n<blockquote class=\"wp-block-quote\"><!-- wp:paragraph -->\n<p>Firmaet XYZ Dingenot blev grundlagt i 1971, og har siden da leveret kvalitetsdingenoter til offentligheden. XYZ er beliggende i Gotham City og besk\u00e6ftiger over 2.000 mennesker og g\u00f8r alle slags fantastiske ting for Gotham-samfundet.<\/p>\n<!-- \/wp:paragraph --><\/blockquote>\n<!-- \/wp:quote -->\n\n<!-- wp:paragraph -->\n<p>Som ny WordPress-bruger b\u00f8r du g\u00e5 til <a href=\"http:\/\/towii.com\/se\/wp-admin\/\">dit kontrolpanel<\/a> for at slette denne side og oprette nye sider til dit indhold. Hav det sjovt!<\/p>\n<!-- \/wp:paragraph -->","_et_gb_content_width":"","footnotes":""},"class_list":["post-2","page","type-page","status-publish","hentry"],"yoast_head":"<!-- This site is optimized with the Yoast SEO plugin v27.2 - https:\/\/yoast.com\/product\/yoast-seo-wordpress\/ -->\n<title>TOWII Renewables \u2192 Gr\u00f6n energi \u2192 Vindkraftverk \u2192 Solceller<\/title>\n<meta name=\"description\" content=\"TOWII Renewables arbetar f\u00f6r den gr\u00f6na omst\u00e4llningen och fr\u00e4mjar f\u00f6rnyelsebar energi genom projekt med vindkraftverk och solcellsanl\u00e4ggningar.\" \/>\n<meta name=\"robots\" content=\"index, follow, max-snippet:-1, max-image-preview:large, max-video-preview:-1\" \/>\n<link rel=\"canonical\" href=\"https:\/\/towii.com\/se\/\" \/>\n<meta property=\"og:locale\" content=\"sv_SE\" \/>\n<meta property=\"og:type\" content=\"article\" \/>\n<meta property=\"og:title\" content=\"TOWII Renewables \u2192 Gr\u00f6n energi \u2192 Vindkraftverk \u2192 Solceller\" \/>\n<meta property=\"og:description\" content=\"TOWII Renewables arbetar f\u00f6r den gr\u00f6na omst\u00e4llningen och fr\u00e4mjar f\u00f6rnyelsebar energi genom projekt med vindkraftverk och solcellsanl\u00e4ggningar.\" \/>\n<meta property=\"og:url\" content=\"https:\/\/towii.com\/se\/\" \/>\n<meta property=\"og:site_name\" content=\"TOWII (se)\" \/>\n<meta property=\"article:modified_time\" content=\"2024-06-18T12:29:15+00:00\" \/>\n<meta name=\"twitter:card\" content=\"summary_large_image\" \/>\n<script type=\"application\/ld+json\" class=\"yoast-schema-graph\">{\"@context\":\"https:\/\/schema.org\",\"@graph\":[{\"@type\":\"WebPage\",\"@id\":\"https:\/\/towii.com\/se\/\",\"url\":\"https:\/\/towii.com\/se\/\",\"name\":\"TOWII Renewables \u2192 Gr\u00f6n energi \u2192 Vindkraftverk \u2192 Solceller\",\"isPartOf\":{\"@id\":\"https:\/\/towii.com\/se\/#website\"},\"datePublished\":\"2023-02-28T09:00:21+00:00\",\"dateModified\":\"2024-06-18T12:29:15+00:00\",\"description\":\"TOWII Renewables arbetar f\u00f6r den gr\u00f6na omst\u00e4llningen och fr\u00e4mjar f\u00f6rnyelsebar energi genom projekt med vindkraftverk och solcellsanl\u00e4ggningar.\",\"breadcrumb\":{\"@id\":\"https:\/\/towii.com\/se\/#breadcrumb\"},\"inLanguage\":\"sv-SE\",\"potentialAction\":[{\"@type\":\"ReadAction\",\"target\":[\"https:\/\/towii.com\/se\/\"]}]},{\"@type\":\"BreadcrumbList\",\"@id\":\"https:\/\/towii.com\/se\/#breadcrumb\",\"itemListElement\":[{\"@type\":\"ListItem\",\"position\":1,\"name\":\"Hjem\",\"item\":\"https:\/\/towii.com\/se\/\"},{\"@type\":\"ListItem\",\"position\":2,\"name\":\"Startsida\"}]},{\"@type\":\"WebSite\",\"@id\":\"https:\/\/towii.com\/se\/#website\",\"url\":\"https:\/\/towii.com\/se\/\",\"name\":\"TOWII (se)\",\"description\":\"Renewables\",\"potentialAction\":[{\"@type\":\"SearchAction\",\"target\":{\"@type\":\"EntryPoint\",\"urlTemplate\":\"https:\/\/towii.com\/se\/?s={search_term_string}\"},\"query-input\":{\"@type\":\"PropertyValueSpecification\",\"valueRequired\":true,\"valueName\":\"search_term_string\"}}],\"inLanguage\":\"sv-SE\"}]}<\/script>\n<!-- \/ Yoast SEO plugin. -->","yoast_head_json":{"title":"TOWII Renewables \u2192 Gr\u00f6n energi \u2192 Vindkraftverk \u2192 Solceller","description":"TOWII Renewables arbetar f\u00f6r den gr\u00f6na omst\u00e4llningen och fr\u00e4mjar f\u00f6rnyelsebar energi genom projekt med vindkraftverk och solcellsanl\u00e4ggningar.","robots":{"index":"index","follow":"follow","max-snippet":"max-snippet:-1","max-image-preview":"max-image-preview:large","max-video-preview":"max-video-preview:-1"},"canonical":"https:\/\/towii.com\/se\/","og_locale":"sv_SE","og_type":"article","og_title":"TOWII Renewables \u2192 Gr\u00f6n energi \u2192 Vindkraftverk \u2192 Solceller","og_description":"TOWII Renewables arbetar f\u00f6r den gr\u00f6na omst\u00e4llningen och fr\u00e4mjar f\u00f6rnyelsebar energi genom projekt med vindkraftverk och solcellsanl\u00e4ggningar.","og_url":"https:\/\/towii.com\/se\/","og_site_name":"TOWII (se)","article_modified_time":"2024-06-18T12:29:15+00:00","twitter_card":"summary_large_image","schema":{"@context":"https:\/\/schema.org","@graph":[{"@type":"WebPage","@id":"https:\/\/towii.com\/se\/","url":"https:\/\/towii.com\/se\/","name":"TOWII Renewables \u2192 Gr\u00f6n energi \u2192 Vindkraftverk \u2192 Solceller","isPartOf":{"@id":"https:\/\/towii.com\/se\/#website"},"datePublished":"2023-02-28T09:00:21+00:00","dateModified":"2024-06-18T12:29:15+00:00","description":"TOWII Renewables arbetar f\u00f6r den gr\u00f6na omst\u00e4llningen och fr\u00e4mjar f\u00f6rnyelsebar energi genom projekt med vindkraftverk och solcellsanl\u00e4ggningar.","breadcrumb":{"@id":"https:\/\/towii.com\/se\/#breadcrumb"},"inLanguage":"sv-SE","potentialAction":[{"@type":"ReadAction","target":["https:\/\/towii.com\/se\/"]}]},{"@type":"BreadcrumbList","@id":"https:\/\/towii.com\/se\/#breadcrumb","itemListElement":[{"@type":"ListItem","position":1,"name":"Hjem","item":"https:\/\/towii.com\/se\/"},{"@type":"ListItem","position":2,"name":"Startsida"}]},{"@type":"WebSite","@id":"https:\/\/towii.com\/se\/#website","url":"https:\/\/towii.com\/se\/","name":"TOWII (se)","description":"Renewables","potentialAction":[{"@type":"SearchAction","target":{"@type":"EntryPoint","urlTemplate":"https:\/\/towii.com\/se\/?s={search_term_string}"},"query-input":{"@type":"PropertyValueSpecification","valueRequired":true,"valueName":"search_term_string"}}],"inLanguage":"sv-SE"}]}},"_links":{"self":[{"href":"https:\/\/towii.com\/se\/wp-json\/wp\/v2\/pages\/2","targetHints":{"allow":["GET"]}}],"collection":[{"href":"https:\/\/towii.com\/se\/wp-json\/wp\/v2\/pages"}],"about":[{"href":"https:\/\/towii.com\/se\/wp-json\/wp\/v2\/types\/page"}],"author":[{"embeddable":true,"href":"https:\/\/towii.com\/se\/wp-json\/wp\/v2\/users\/7"}],"replies":[{"embeddable":true,"href":"https:\/\/towii.com\/se\/wp-json\/wp\/v2\/comments?post=2"}],"version-history":[{"count":10,"href":"https:\/\/towii.com\/se\/wp-json\/wp\/v2\/pages\/2\/revisions"}],"predecessor-version":[{"id":3022,"href":"https:\/\/towii.com\/se\/wp-json\/wp\/v2\/pages\/2\/revisions\/3022"}],"wp:attachment":[{"href":"https:\/\/towii.com\/se\/wp-json\/wp\/v2\/media?parent=2"}],"curies":[{"name":"wp","href":"https:\/\/api.w.org\/{rel}","templated":true}]}}