{"id":39,"date":"2022-04-06T10:12:13","date_gmt":"2022-04-06T08:12:13","guid":{"rendered":"http:\/\/towii.com\/se\/?page_id=39"},"modified":"2025-01-09T14:05:14","modified_gmt":"2025-01-09T13:05:14","slug":"karriar","status":"publish","type":"page","link":"https:\/\/towii.com\/se\/karriar\/","title":{"rendered":"Karri\u00e4r"},"content":{"rendered":"<p>[et_pb_section fb_built=&#8221;1&#8243; fullwidth=&#8221;on&#8221; _builder_version=&#8221;4.19.0&#8243; _module_preset=&#8221;default&#8221; locked=&#8221;off&#8221; global_colors_info=&#8221;{}&#8221;][et_pb_fullwidth_header subhead=&#8221;Vill du f\u00f6lja med oss p\u00e5 resan?&#8221; header_fullscreen=&#8221;on&#8221; button_one_url=&#8221;@ET-DC@eyJkeW5hbWljIjp0cnVlLCJjb250ZW50IjoicG9zdF9saW5rX3VybF9wYWdlIiwic2V0dGluZ3MiOnsicG9zdF9pZCI6IjM1In19@&#8221; button_two_url=&#8221;@ET-DC@eyJkeW5hbWljIjp0cnVlLCJjb250ZW50IjoicG9zdF9saW5rX3VybF9wYWdlIiwic2V0dGluZ3MiOnsicG9zdF9pZCI6IjY3OCJ9fQ==@&#8221; background_overlay_color=&#8221;RGBA(255,255,255,0)&#8221; content_max_width=&#8221;60%&#8221; content_max_width_tablet=&#8221;100%&#8221; content_max_width_phone=&#8221;100%&#8221; content_max_width_last_edited=&#8221;on|phone&#8221; _builder_version=&#8221;4.21.0&#8243; _dynamic_attributes=&#8221;button_one_url,button_two_url&#8221; _module_preset=&#8221;default&#8221; title_font=&#8221;|||on|||||&#8221; title_font_size=&#8221;15px&#8221; title_letter_spacing=&#8221;2px&#8221; content_font_size=&#8221;20px&#8221; subhead_font=&#8221;|800|||||||&#8221; subhead_font_size=&#8221;80px&#8221; subhead_line_height=&#8221;1.1em&#8221; background_color=&#8221;#a5a5a5&#8243; background_image=&#8221;http:\/\/towii.com\/se\/wp-content\/uploads\/sites\/4\/2023\/03\/paraglider-sunset-5358333_1920.jpg&#8221; background_position=&#8221;bottom_center&#8221; background_enable_video_mp4=&#8221;off&#8221; custom_button_two=&#8221;on&#8221; button_two_bg_color=&#8221;rgba(255,255,255,0.19)&#8221; button_two_border_color=&#8221;rgba(255,255,255,0)&#8221; subhead_font_size_tablet=&#8221;70px&#8221; subhead_font_size_phone=&#8221;50px&#8221; subhead_font_size_last_edited=&#8221;on|phone&#8221; custom_css_content=&#8221;margin-top:30px;||margin-bottom:20px;&#8221; subhead_text_shadow_style=&#8221;preset3&#8243; global_colors_info=&#8221;{}&#8221; button_two_bg_color__hover_enabled=&#8221;on|hover&#8221; button_two_bg_color__hover=&#8221;#00A3EA&#8221; button_two_bg_enable_color__hover=&#8221;on&#8221; button_two_border_color__hover_enabled=&#8221;on|hover&#8221; button_two_border_color__hover=&#8221;RGBA(255,255,255,0)&#8221;][\/et_pb_fullwidth_header][\/et_pb_section][et_pb_section fb_built=&#8221;1&#8243; _builder_version=&#8221;4.20.2&#8243; _module_preset=&#8221;default&#8221; custom_padding=&#8221;||73px||false|false&#8221; global_colors_info=&#8221;{}&#8221;][et_pb_row disabled_on=&#8221;off|off|off&#8221; _builder_version=&#8221;4.20.2&#8243; _module_preset=&#8221;default&#8221; width=&#8221;70%&#8221; min_height=&#8221;273px&#8221; custom_margin=&#8221;|auto|1px|auto||&#8221; custom_padding=&#8221;||0px|||&#8221; global_colors_info=&#8221;{}&#8221;][et_pb_column type=&#8221;4_4&#8243; _builder_version=&#8221;4.17.4&#8243; _module_preset=&#8221;default&#8221; global_colors_info=&#8221;{}&#8221;][et_pb_text quote_border_color=&#8221;#00A3EA&#8221; _builder_version=&#8221;4.22.1&#8243; _module_preset=&#8221;default&#8221; text_font_size=&#8221;24px&#8221; header_font=&#8221;|700|||||||&#8221; header_2_font=&#8221;|800|||||||&#8221; header_2_font_size=&#8221;56px&#8221; module_alignment=&#8221;left&#8221; header_2_font_size_tablet=&#8221;56px&#8221; header_2_font_size_phone=&#8221;36px&#8221; header_2_font_size_last_edited=&#8221;on|phone&#8221; locked=&#8221;off&#8221; global_colors_info=&#8221;{}&#8221;]<\/p>\n<blockquote>\n<h2>En stark laginsats<\/h2>\n<\/blockquote>\n<p>[\/et_pb_text][et_pb_text _builder_version=&#8221;4.22.1&#8243; _module_preset=&#8221;default&#8221; text_font=&#8221;|300|||||||&#8221; custom_margin=&#8221;||42px|||&#8221; custom_padding=&#8221;||0px|27px||&#8221; locked=&#8221;off&#8221; global_colors_info=&#8221;{}&#8221;]<\/p>\n<p>Hos TOWII Renewables f\u00f6renar vi v\u00e5ra olika kompetenser och specialistkunskaper i en gemensam h\u00e4ngivenhet till den gr\u00f6na omst\u00e4llningen. Som ett team arbetar vi alla m\u00e5linriktat f\u00f6r att f\u00f6rverkliga visionen &#8211; och varje insats r\u00e4knas!<\/p>\n<p>[\/et_pb_text][\/et_pb_column][\/et_pb_row][\/et_pb_section][et_pb_section fb_built=&#8221;1&#8243; fullwidth=&#8221;on&#8221; _builder_version=&#8221;4.21.0&#8243; _module_preset=&#8221;default&#8221; global_colors_info=&#8221;{}&#8221;][et_pb_fullwidth_image src=&#8221;http:\/\/towii.com\/se\/wp-content\/uploads\/sites\/4\/2023\/02\/TOWII-job3b.jpg&#8221; title_text=&#8221;TOWII-job3b&#8221; _builder_version=&#8221;4.21.0&#8243; _module_preset=&#8221;default&#8221; global_colors_info=&#8221;{}&#8221;][\/et_pb_fullwidth_image][\/et_pb_section][et_pb_section fb_built=&#8221;1&#8243; _builder_version=&#8221;4.20.4&#8243; _module_preset=&#8221;default&#8221; background_color=&#8221;#FFFFFF&#8221; border_width_all=&#8221;1px&#8221; border_color_all=&#8221;#EBEBEB&#8221; border_width_bottom=&#8221;2px&#8221; border_color_bottom=&#8221;#EBEBEB&#8221; global_colors_info=&#8221;{}&#8221;][et_pb_row disabled_on=&#8221;off|off|off&#8221; _builder_version=&#8221;4.20.2&#8243; _module_preset=&#8221;default&#8221; width=&#8221;70%&#8221; global_colors_info=&#8221;{}&#8221;][et_pb_column type=&#8221;4_4&#8243; _builder_version=&#8221;4.17.4&#8243; _module_preset=&#8221;default&#8221; global_colors_info=&#8221;{}&#8221;][et_pb_text quote_border_color=&#8221;#00A3EA&#8221; _builder_version=&#8221;4.21.0&#8243; _module_preset=&#8221;default&#8221; text_font_size=&#8221;24px&#8221; header_font=&#8221;|700|||||||&#8221; header_2_font=&#8221;|800|||||||&#8221; header_2_font_size=&#8221;56px&#8221; module_alignment=&#8221;left&#8221; header_2_font_size_tablet=&#8221;56px&#8221; header_2_font_size_phone=&#8221;36px&#8221; header_2_font_size_last_edited=&#8221;on|phone&#8221; locked=&#8221;off&#8221; global_colors_info=&#8221;{}&#8221;]<\/p>\n<h2 style=\"text-align: left;\">F\u00f6lj med oss p\u00e5 resan<\/h2>\n<p>[\/et_pb_text][et_pb_text _builder_version=&#8221;4.22.1&#8243; _module_preset=&#8221;default&#8221; text_font=&#8221;|300|||||||&#8221; header_font=&#8221;|800|||||||&#8221; header_font_size=&#8221;49px&#8221; header_5_font=&#8221;|||on|||||&#8221; header_5_text_color=&#8221;#00A3EA&#8221; header_5_font_size=&#8221;14px&#8221; link_option_url_new_window=&#8221;on&#8221; locked=&#8221;off&#8221; global_colors_info=&#8221;{}&#8221;]<\/p>\n<p><span>Vi \u00e4r p\u00e5 en sp\u00e4nnande tillv\u00e4xtresa som bara har b\u00f6rjat. Du kan p\u00e5 m\u00e5nga s\u00e4tt vara med och g\u00f6ra en skillnad i f\u00f6retagets fortsatta utveckling och framg\u00e5ng.<\/span><\/p>\n<p><span>Som medarbetare \u00e4r du en del av en informell och avslappnad kultur, d\u00e4r det alltid finns utrymme f\u00f6r skratt, och vi delar b\u00e5de framg\u00e5ngar och misstag. Det ger en bra energi som g\u00f6r oss starka tillsammans. V\u00e5r arbetsmilj\u00f6 formas av v\u00e5ra danska och japanska r\u00f6tter, d\u00e4r olika nationaliteter bidrar till en sp\u00e4nnande vardag och ger nya perspektiv p\u00e5 den energi vi skapar.<\/span><\/p>\n<p><span>Vi erbjuder ett antal f\u00f6rm\u00e5ner, d\u00e4ribland sjukf\u00f6rs\u00e4kring, luncharrangemang, flexibla arbetsordningar, sociala evenemang, och vi fokuserar p\u00e5 personlig utveckling, v\u00e4lbefinnande och arbetslivsbalans. <\/span><\/p>\n<p style=\"text-align: left;\"><strong>L\u00e4r k\u00e4nna oss \u2013 f\u00f6lj med p\u00e5 <\/strong><strong><a href=\"https:\/\/www.linkedin.com\/company\/towii-renewables\/?viewAsMember=true\" target=\"_blank\" rel=\"noopener\">LinkedIn<\/a><\/strong><\/p>\n<p>[\/et_pb_text][\/et_pb_column][\/et_pb_row][\/et_pb_section][et_pb_section fb_built=&#8221;1&#8243; disabled_on=&#8221;on|on|on&#8221; _builder_version=&#8221;4.20.2&#8243; _module_preset=&#8221;default&#8221; custom_padding=&#8221;||||false|false&#8221; disabled=&#8221;on&#8221; global_colors_info=&#8221;{}&#8221;][et_pb_row _builder_version=&#8221;4.20.2&#8243; _module_preset=&#8221;default&#8221; width=&#8221;70%&#8221; global_colors_info=&#8221;{}&#8221;][et_pb_column type=&#8221;4_4&#8243; _builder_version=&#8221;4.19.0&#8243; _module_preset=&#8221;default&#8221; global_colors_info=&#8221;{}&#8221;][et_pb_text quote_border_color=&#8221;#00A3EA&#8221; _builder_version=&#8221;4.20.2&#8243; _module_preset=&#8221;default&#8221; text_font_size=&#8221;24px&#8221; header_font=&#8221;|700|||||||&#8221; header_2_font=&#8221;|800|||||||&#8221; header_2_font_size=&#8221;56px&#8221; width=&#8221;66.4%&#8221; module_alignment=&#8221;left&#8221; header_2_font_size_tablet=&#8221;56px&#8221; header_2_font_size_phone=&#8221;36px&#8221; header_2_font_size_last_edited=&#8221;on|phone&#8221; locked=&#8221;off&#8221; global_colors_info=&#8221;{}&#8221;]<\/p>\n<h2 style=\"text-align: left;\"><span style=\"color: #000000;\">Lediga platser<\/span><\/h2>\n<p>[\/et_pb_text][et_pb_blog fullwidth=&#8221;off&#8221; posts_number=&#8221;100&#8243; include_categories=&#8221;8&#8243; meta_date=&#8221;j. M Y&#8221; excerpt_length=&#8221;180&#8243; show_more=&#8221;on&#8221; show_author=&#8221;off&#8221; show_categories=&#8221;off&#8221; show_pagination=&#8221;off&#8221; disabled_on=&#8221;on|on|on&#8221; module_class=&#8221;pa-blog-equal-height&#8221; _builder_version=&#8221;4.20.2&#8243; _module_preset=&#8221;default&#8221; header_font=&#8221;|800|||||||&#8221; header_font_size=&#8221;24px&#8221; body_font=&#8221;|300|||||||&#8221; meta_font=&#8221;|300|||||||&#8221; meta_text_color=&#8221;#B2B4BE&#8221; meta_font_size=&#8221;12px&#8221; read_more_font=&#8221;|700||on|||||&#8221; background_color=&#8221;RGBA(255,255,255,0)&#8221; custom_padding=&#8221;||||false|false&#8221; border_width_all=&#8221;0px&#8221; border_color_all=&#8221;#B2B4BE&#8221; disabled=&#8221;on&#8221; global_colors_info=&#8221;{}&#8221;][\/et_pb_blog][et_pb_text _builder_version=&#8221;4.27.4&#8243; _module_preset=&#8221;default&#8221; text_font=&#8221;|300|||||||&#8221; header_font=&#8221;|800|||||||&#8221; header_font_size=&#8221;49px&#8221; header_5_font=&#8221;|||on|||||&#8221; header_5_text_color=&#8221;#00A3EA&#8221; header_5_font_size=&#8221;14px&#8221; link_option_url_new_window=&#8221;on&#8221; locked=&#8221;off&#8221; global_colors_info=&#8221;{}&#8221;]<\/p>\n<p><a href=\"https:\/\/www.linkedin.com\/company\/towii-renewables\/?viewAsMember=true\" target=\"_blank\" rel=\"noopener\" style=\"font-weight: bold;\"><\/a><a href=\"https:\/\/jobs.intelligentemployment.com\/jobs\/4583471-towii-land-acquisition-manager-inom-fornybar-energi\"><span class=\"textFitted\">Land Acquisition Manager<\/span><\/a><\/p>\n<p>[\/et_pb_text][\/et_pb_column][\/et_pb_row][\/et_pb_section][et_pb_section fb_built=&#8221;1&#8243; _builder_version=&#8221;4.20.2&#8243; _module_preset=&#8221;default&#8221; background_color=&#8221;#EBEBEB&#8221; locked=&#8221;off&#8221; global_colors_info=&#8221;{}&#8221;][et_pb_row _builder_version=&#8221;4.20.2&#8243; _module_preset=&#8221;default&#8221; width=&#8221;70%&#8221; global_colors_info=&#8221;{}&#8221;][et_pb_column type=&#8221;4_4&#8243; _builder_version=&#8221;4.17.4&#8243; _module_preset=&#8221;default&#8221; global_colors_info=&#8221;{}&#8221;][et_pb_text quote_border_color=&#8221;#00A3EA&#8221; _builder_version=&#8221;4.21.0&#8243; _module_preset=&#8221;default&#8221; text_font_size=&#8221;24px&#8221; header_font=&#8221;|700|||||||&#8221; header_2_font=&#8221;|800|||||||&#8221; header_2_font_size=&#8221;56px&#8221; module_alignment=&#8221;left&#8221; header_2_font_size_tablet=&#8221;56px&#8221; header_2_font_size_phone=&#8221;36px&#8221; header_2_font_size_last_edited=&#8221;on|phone&#8221; locked=&#8221;off&#8221; global_colors_info=&#8221;{}&#8221;]<\/p>\n<h2 style=\"text-align: left;\"><span>Vi s\u00f6ker kontinuerligt kollegor<\/span><\/h2>\n<p>[\/et_pb_text][et_pb_text _builder_version=&#8221;4.27.4&#8243; _module_preset=&#8221;default&#8221; text_font=&#8221;|300|||||||&#8221; hover_enabled=&#8221;0&#8243; locked=&#8221;off&#8221; global_colors_info=&#8221;{}&#8221; sticky_enabled=&#8221;0&#8243;]<\/p>\n<p><span>Har du ocks\u00e5 gr\u00f6nt blod i \u00e5drorna och lust att bli en del av det lagarbete som kr\u00e4vs f\u00f6r att f\u00f6rverkliga TOWII Renewables\u00b4 tillv\u00e4xtambitioner, d\u00e5 h\u00f6r vi g\u00e4rna fr\u00e5n dig och tar g\u00e4rna en titt p\u00e5 ditt CV <\/span>p\u00e5 engelska, som du laddar upp <a href=\"https:\/\/candidate.hr-manager.net\/ApplicationForm\/SinglePageApplicationForm.aspx?cid=3068&amp;departmentId=18959&amp;ProjectId=143580&amp;MediaId=5\">h\u00e4r<\/a>.<\/p>\n<p>[\/et_pb_text][\/et_pb_column][\/et_pb_row][\/et_pb_section]<\/p>\n","protected":false},"excerpt":{"rendered":"<p>En stark laginsats Hos TOWII Renewables f\u00f6renar vi v\u00e5ra olika kompetenser och specialistkunskaper i en gemensam h\u00e4ngivenhet till den gr\u00f6na omst\u00e4llningen. Som ett team arbetar vi alla m\u00e5linriktat f\u00f6r att f\u00f6rverkliga visionen &#8211; och varje insats r\u00e4knas!F\u00f6lj med oss p\u00e5 resanVi \u00e4r p\u00e5 en sp\u00e4nnande tillv\u00e4xtresa som bara har b\u00f6rjat. Du kan p\u00e5 m\u00e5nga s\u00e4tt [&hellip;]<\/p>\n","protected":false},"author":7,"featured_media":0,"parent":0,"menu_order":0,"comment_status":"closed","ping_status":"closed","template":"","meta":{"_et_pb_use_builder":"on","_et_pb_old_content":"<!-- wp:divi\/placeholder \/-->","_et_gb_content_width":"","footnotes":""},"class_list":["post-39","page","type-page","status-publish","hentry"],"yoast_head":"<!-- This site is optimized with the Yoast SEO plugin v27.2 - https:\/\/yoast.com\/product\/yoast-seo-wordpress\/ -->\n<title>Jobba hos TOWII \u2192 Skicka ditt CV om du har gr\u00f6nt blod i \u00e5drorna<\/title>\n<meta name=\"description\" content=\"Ta t\u00e4ten i den gr\u00f6na omst\u00e4llningen och bli en del av TOWII, som utvecklar projekt med vindkraftverk och solcellsanl\u00e4ggningar. Vi s\u00f6ker st\u00e4ndigt efter nya kollegor.\" \/>\n<meta name=\"robots\" content=\"index, follow, max-snippet:-1, max-image-preview:large, max-video-preview:-1\" \/>\n<link rel=\"canonical\" href=\"https:\/\/towii.com\/se\/karriar\/\" \/>\n<meta property=\"og:locale\" content=\"sv_SE\" \/>\n<meta property=\"og:type\" content=\"article\" \/>\n<meta property=\"og:title\" content=\"Jobba hos TOWII \u2192 Skicka ditt CV om du har gr\u00f6nt blod i \u00e5drorna\" \/>\n<meta property=\"og:description\" content=\"Ta t\u00e4ten i den gr\u00f6na omst\u00e4llningen och bli en del av TOWII, som utvecklar projekt med vindkraftverk och solcellsanl\u00e4ggningar. Vi s\u00f6ker st\u00e4ndigt efter nya kollegor.\" \/>\n<meta property=\"og:url\" content=\"https:\/\/towii.com\/se\/karriar\/\" \/>\n<meta property=\"og:site_name\" content=\"TOWII (se)\" \/>\n<meta property=\"article:modified_time\" content=\"2025-01-09T13:05:14+00:00\" \/>\n<meta name=\"twitter:card\" content=\"summary_large_image\" \/>\n<meta name=\"twitter:label1\" content=\"Ber\u00e4knad l\u00e4stid\" \/>\n\t<meta name=\"twitter:data1\" content=\"3 minuter\" \/>\n<script type=\"application\/ld+json\" class=\"yoast-schema-graph\">{\"@context\":\"https:\/\/schema.org\",\"@graph\":[{\"@type\":\"WebPage\",\"@id\":\"https:\/\/towii.com\/se\/karriar\/\",\"url\":\"https:\/\/towii.com\/se\/karriar\/\",\"name\":\"Jobba hos TOWII \u2192 Skicka ditt CV om du har gr\u00f6nt blod i \u00e5drorna\",\"isPartOf\":{\"@id\":\"https:\/\/towii.com\/se\/#website\"},\"datePublished\":\"2022-04-06T08:12:13+00:00\",\"dateModified\":\"2025-01-09T13:05:14+00:00\",\"description\":\"Ta t\u00e4ten i den gr\u00f6na omst\u00e4llningen och bli en del av TOWII, som utvecklar projekt med vindkraftverk och solcellsanl\u00e4ggningar. Vi s\u00f6ker st\u00e4ndigt efter nya kollegor.\",\"breadcrumb\":{\"@id\":\"https:\/\/towii.com\/se\/karriar\/#breadcrumb\"},\"inLanguage\":\"sv-SE\",\"potentialAction\":[{\"@type\":\"ReadAction\",\"target\":[\"https:\/\/towii.com\/se\/karriar\/\"]}]},{\"@type\":\"BreadcrumbList\",\"@id\":\"https:\/\/towii.com\/se\/karriar\/#breadcrumb\",\"itemListElement\":[{\"@type\":\"ListItem\",\"position\":1,\"name\":\"Hjem\",\"item\":\"https:\/\/towii.com\/se\/\"},{\"@type\":\"ListItem\",\"position\":2,\"name\":\"Karri\u00e4r\"}]},{\"@type\":\"WebSite\",\"@id\":\"https:\/\/towii.com\/se\/#website\",\"url\":\"https:\/\/towii.com\/se\/\",\"name\":\"TOWII (se)\",\"description\":\"Renewables\",\"potentialAction\":[{\"@type\":\"SearchAction\",\"target\":{\"@type\":\"EntryPoint\",\"urlTemplate\":\"https:\/\/towii.com\/se\/?s={search_term_string}\"},\"query-input\":{\"@type\":\"PropertyValueSpecification\",\"valueRequired\":true,\"valueName\":\"search_term_string\"}}],\"inLanguage\":\"sv-SE\"}]}<\/script>\n<!-- \/ Yoast SEO plugin. -->","yoast_head_json":{"title":"Jobba hos TOWII \u2192 Skicka ditt CV om du har gr\u00f6nt blod i \u00e5drorna","description":"Ta t\u00e4ten i den gr\u00f6na omst\u00e4llningen och bli en del av TOWII, som utvecklar projekt med vindkraftverk och solcellsanl\u00e4ggningar. Vi s\u00f6ker st\u00e4ndigt efter nya kollegor.","robots":{"index":"index","follow":"follow","max-snippet":"max-snippet:-1","max-image-preview":"max-image-preview:large","max-video-preview":"max-video-preview:-1"},"canonical":"https:\/\/towii.com\/se\/karriar\/","og_locale":"sv_SE","og_type":"article","og_title":"Jobba hos TOWII \u2192 Skicka ditt CV om du har gr\u00f6nt blod i \u00e5drorna","og_description":"Ta t\u00e4ten i den gr\u00f6na omst\u00e4llningen och bli en del av TOWII, som utvecklar projekt med vindkraftverk och solcellsanl\u00e4ggningar. Vi s\u00f6ker st\u00e4ndigt efter nya kollegor.","og_url":"https:\/\/towii.com\/se\/karriar\/","og_site_name":"TOWII (se)","article_modified_time":"2025-01-09T13:05:14+00:00","twitter_card":"summary_large_image","twitter_misc":{"Ber\u00e4knad l\u00e4stid":"3 minuter"},"schema":{"@context":"https:\/\/schema.org","@graph":[{"@type":"WebPage","@id":"https:\/\/towii.com\/se\/karriar\/","url":"https:\/\/towii.com\/se\/karriar\/","name":"Jobba hos TOWII \u2192 Skicka ditt CV om du har gr\u00f6nt blod i \u00e5drorna","isPartOf":{"@id":"https:\/\/towii.com\/se\/#website"},"datePublished":"2022-04-06T08:12:13+00:00","dateModified":"2025-01-09T13:05:14+00:00","description":"Ta t\u00e4ten i den gr\u00f6na omst\u00e4llningen och bli en del av TOWII, som utvecklar projekt med vindkraftverk och solcellsanl\u00e4ggningar. Vi s\u00f6ker st\u00e4ndigt efter nya kollegor.","breadcrumb":{"@id":"https:\/\/towii.com\/se\/karriar\/#breadcrumb"},"inLanguage":"sv-SE","potentialAction":[{"@type":"ReadAction","target":["https:\/\/towii.com\/se\/karriar\/"]}]},{"@type":"BreadcrumbList","@id":"https:\/\/towii.com\/se\/karriar\/#breadcrumb","itemListElement":[{"@type":"ListItem","position":1,"name":"Hjem","item":"https:\/\/towii.com\/se\/"},{"@type":"ListItem","position":2,"name":"Karri\u00e4r"}]},{"@type":"WebSite","@id":"https:\/\/towii.com\/se\/#website","url":"https:\/\/towii.com\/se\/","name":"TOWII (se)","description":"Renewables","potentialAction":[{"@type":"SearchAction","target":{"@type":"EntryPoint","urlTemplate":"https:\/\/towii.com\/se\/?s={search_term_string}"},"query-input":{"@type":"PropertyValueSpecification","valueRequired":true,"valueName":"search_term_string"}}],"inLanguage":"sv-SE"}]}},"_links":{"self":[{"href":"https:\/\/towii.com\/se\/wp-json\/wp\/v2\/pages\/39","targetHints":{"allow":["GET"]}}],"collection":[{"href":"https:\/\/towii.com\/se\/wp-json\/wp\/v2\/pages"}],"about":[{"href":"https:\/\/towii.com\/se\/wp-json\/wp\/v2\/types\/page"}],"author":[{"embeddable":true,"href":"https:\/\/towii.com\/se\/wp-json\/wp\/v2\/users\/7"}],"replies":[{"embeddable":true,"href":"https:\/\/towii.com\/se\/wp-json\/wp\/v2\/comments?post=39"}],"version-history":[{"count":10,"href":"https:\/\/towii.com\/se\/wp-json\/wp\/v2\/pages\/39\/revisions"}],"predecessor-version":[{"id":3069,"href":"https:\/\/towii.com\/se\/wp-json\/wp\/v2\/pages\/39\/revisions\/3069"}],"wp:attachment":[{"href":"https:\/\/towii.com\/se\/wp-json\/wp\/v2\/media?parent=39"}],"curies":[{"name":"wp","href":"https:\/\/api.w.org\/{rel}","templated":true}]}}